{"id":53,"date":"2023-07-15T15:58:03","date_gmt":"2023-07-15T13:58:03","guid":{"rendered":"http:\/\/www.nds.armentierois.fr\/?page_id=53"},"modified":"2023-08-11T14:12:45","modified_gmt":"2023-08-11T12:12:45","slug":"jeanne-darc","status":"publish","type":"page","link":"https:\/\/louis.armentierois.fr\/index.php\/jeanne-darc\/","title":{"rendered":"Jeanne d&rsquo;Arc"},"content":{"rendered":"\n<p>\u00ab&nbsp;Beaucoup de jeunes saints ont fait resplendir les traits de l\u2019\u00e2ge juv\u00e9nile dans toute leur beaut\u00e9 et ont \u00e9t\u00e9, \u00e0 leur \u00e9poque, de v\u00e9ritables proph\u00e8tes du changement ; leurs exemples nous montrent de quoi sont capables les jeunes quand ils s\u2019ouvrent \u00e0 la rencontre avec le Christ&nbsp;\u00bb, a \u00e9crit le pape Fran\u00e7ois dans son exhortation apostolique&nbsp;<em>Christus vivit<\/em>.<\/p>\n\n\n\n<p class=\"has-text-align-left\">\u00ab\u00a0<em>Sainte Jeanne est une des figures caract\u00e9ristiques de ces &lsquo;femmes fortes&rsquo; qui &lsquo;\u00e0 la fin du Moyen Age, port\u00e8rent sans peur la grande lumi\u00e8re de l&rsquo;\u00c9vangile dans les \u00e9v\u00e8nements complexes de l&rsquo;Histoire&rsquo; &#8230; Sainte Jeanne d&rsquo;Arc nous apprend que lorsque le pays est marqu\u00e9 par la division et par le d\u00e9couragement et la r\u00e9signation, la foi qui puise \u00e0 la Sagesse divine offre au chr\u00e9tien la capacit\u00e9 de trouver les moyens extraordinaires d&rsquo;intelligence et de force, pour offrir des raisons d&rsquo;une nouvelle esp\u00e9rance pour la soci\u00e9t\u00e9&#8230;<\/em>\u00ab\u00a0<\/p>\n\n\n\n<p class=\"has-text-align-right\">Benoit XVI<\/p>\n\n\n\n<p>Jeanne \u00e9tait berg\u00e8re en bord de Meuse, le Ciel en fait, \u00e0 17 ans, le capitaine des arm\u00e9es fran\u00e7aises. Elle n\u2019avait jamais quitt\u00e9 Domr\u00e9my, Dieu l\u2019envoie trouver le Roi de France pour lui redonner espoir. Elle priait humblement dans l\u2019\u00e9glise du village, elle part faire le si\u00e8ge d\u2019Orl\u00e9ans, l\u2019\u00e9p\u00e9e en main\u2026 Elle ne savait ni a ni b, mais sa franchise tint en \u00e9chec les t\u00eates th\u00e9ologiques du moment, r\u00e9unies pour la confondre et les Minutes de son proc\u00e8s font toujours l\u2019admiration du monde ! Elle, qui aurait pu fuir le martyre annonc\u00e9, en repoussa la tentation malgr\u00e9 sa peur : avec courage elle monta sur le bucher de Rouen, un seul nom aux l\u00e8vres : J\u00e9sus !<\/p>\n\n\n\n<p>Le message de sainte Jeanne d\u2019Arc est un message de courage, de foi et de patriotisme. Elle a entendu des voix c\u00e9lestes qui l\u2019ont appel\u00e9e \u00e0 lib\u00e9rer la France de l\u2019occupation anglaise et \u00e0 faire sacrer le roi Charles VII \u00e0 Reims. Elle a combattu avec vaillance et a \u00e9t\u00e9 br\u00fbl\u00e9e vive sur le b\u00fbcher \u00e0 Rouen.&nbsp;Elle a \u00e9t\u00e9 canonis\u00e9e en 1920 et est la patronne secondaire de la France.<\/p>\n\n\n\n<figure class=\"wp-block-image size-large\"><img loading=\"lazy\" decoding=\"async\" width=\"640\" height=\"853\" src=\"https:\/\/i0.wp.com\/louis.armentierois.fr\/wp-content\/uploads\/2023\/08\/img_2243.jpg?resize=640%2C853&#038;ssl=1\" alt=\"\" class=\"wp-image-940\" srcset=\"https:\/\/i0.wp.com\/louis.armentierois.fr\/wp-content\/uploads\/2023\/08\/img_2243-scaled.jpg?resize=768%2C1024&amp;ssl=1 768w, https:\/\/i0.wp.com\/louis.armentierois.fr\/wp-content\/uploads\/2023\/08\/img_2243-scaled.jpg?resize=225%2C300&amp;ssl=1 225w, https:\/\/i0.wp.com\/louis.armentierois.fr\/wp-content\/uploads\/2023\/08\/img_2243-scaled.jpg?resize=1152%2C1536&amp;ssl=1 1152w, https:\/\/i0.wp.com\/louis.armentierois.fr\/wp-content\/uploads\/2023\/08\/img_2243-scaled.jpg?resize=1536%2C2048&amp;ssl=1 1536w, https:\/\/i0.wp.com\/louis.armentierois.fr\/wp-content\/uploads\/2023\/08\/img_2243-scaled.jpg?w=1920&amp;ssl=1 1920w, https:\/\/i0.wp.com\/louis.armentierois.fr\/wp-content\/uploads\/2023\/08\/img_2243-scaled.jpg?w=1280&amp;ssl=1 1280w\" sizes=\"auto, (max-width: 640px) 100vw, 640px\" data-recalc-dims=\"1\" \/><figcaption class=\"wp-element-caption\">Sainte Jeanne d\u2019Arc<\/figcaption><\/figure>\n\n\n\n<p><strong>Prier avec Sainte Jeanne d&rsquo;Arc<\/strong><\/p>\n\n\n\n<p>Toi, Jeanne, \u00e9coute favorablement nos pri\u00e8res.<br \/>Depuis six si\u00e8cles, tu n\u2019as cess\u00e9 d\u2019obtenir de Dieu des bienfaits pour la France et ses enfants.<br \/>Aujourd\u2019hui, dans la situation douloureuse que traverse le monde et notre pays, nous nous tournons vers toi pour en appeler \u00e0 ta puissante intercession.&nbsp;<\/p>\n\n\n\n<p>Toi, Jeanne, avec Celui que tu appelais Messire Dieu,<br \/>Regarde ceux qui d\u00e9sesp\u00e8rent, les malades et les mourants pour qu\u2019ils trouvent secours et r\u00e9confort,<br \/>Donne force \u00e0 tous les soignants qui s\u2019affrontent \u00e0 l\u2019adversit\u00e9,<br \/>Pose ton regard g\u00e9n\u00e9reux sur les pauvres et les plus vuln\u00e9rables pour les prot\u00e9ger,<br \/>Soutiens les femmes et les hommes qui ont la lourde t\u00e2che de g\u00e9rer les affaires de la France.&nbsp;<\/p>\n\n\n\n<p>Toi, Jeanne, la jeune fille \u00e9nergique \u00e0 l\u2019\u00e9coute de la Volont\u00e9 du Seigneur,&nbsp;<br \/>Aide-nous \u00e0 grandir en saintet\u00e9 et \u00e0 construire notre avenir durablement,<br \/>\u00c0 devenir de vrais disciples-missionnaires, enracin\u00e9s dans la pri\u00e8re, fraternels avec tous,<br \/>Serviteurs audacieux de la Bonne Nouvelle de J\u00e9sus.&nbsp;<\/p>\n\n\n\n<p>Toi, Jeanne, qui voulais toujours que Dieu soit : \u00ab&nbsp;premier servi&nbsp;\u00bb,<br \/>Aide chacun \u00e0 r\u00e9pondre \u00e0 Son appel, pour suivre sa vocation propre,<br \/>Accompagne particuli\u00e8rement les jeunes qui d\u00e9sirent consacrer enti\u00e8rement leur vie au Roi du Ciel.<\/p>\n\n\n\n<p>Vierge Marie, prie pour nous !<br \/>Sainte Jeanne d\u2019Arc, patronne de la France, prie pour nous !<br \/>Amen<\/p>\n","protected":false},"excerpt":{"rendered":"<p>\u00ab&nbsp;Beaucoup de jeunes saints ont fait resplendir les traits de l\u2019\u00e2ge juv\u00e9nile dans toute leur beaut\u00e9 et ont \u00e9t\u00e9, \u00e0 &hellip; <\/p>\n","protected":false},"author":1,"featured_media":940,"parent":0,"menu_order":0,"comment_status":"closed","ping_status":"closed","template":"","meta":{"footnotes":""},"class_list":["post-53","page","type-page","status-publish","has-post-thumbnail","hentry"],"jetpack_sharing_enabled":true,"_links":{"self":[{"href":"https:\/\/louis.armentierois.fr\/index.php\/wp-json\/wp\/v2\/pages\/53","targetHints":{"allow":["GET"]}}],"collection":[{"href":"https:\/\/louis.armentierois.fr\/index.php\/wp-json\/wp\/v2\/pages"}],"about":[{"href":"https:\/\/louis.armentierois.fr\/index.php\/wp-json\/wp\/v2\/types\/page"}],"author":[{"embeddable":true,"href":"https:\/\/louis.armentierois.fr\/index.php\/wp-json\/wp\/v2\/users\/1"}],"replies":[{"embeddable":true,"href":"https:\/\/louis.armentierois.fr\/index.php\/wp-json\/wp\/v2\/comments?post=53"}],"version-history":[{"count":2,"href":"https:\/\/louis.armentierois.fr\/index.php\/wp-json\/wp\/v2\/pages\/53\/revisions"}],"predecessor-version":[{"id":944,"href":"https:\/\/louis.armentierois.fr\/index.php\/wp-json\/wp\/v2\/pages\/53\/revisions\/944"}],"wp:featuredmedia":[{"embeddable":true,"href":"https:\/\/louis.armentierois.fr\/index.php\/wp-json\/wp\/v2\/media\/940"}],"wp:attachment":[{"href":"https:\/\/louis.armentierois.fr\/index.php\/wp-json\/wp\/v2\/media?parent=53"}],"curies":[{"name":"wp","href":"https:\/\/api.w.org\/{rel}","templated":true}]}}