{"id":47,"date":"2023-07-15T15:55:40","date_gmt":"2023-07-15T13:55:40","guid":{"rendered":"http:\/\/www.nds.armentierois.fr\/?page_id=47"},"modified":"2023-07-15T15:55:40","modified_gmt":"2023-07-15T13:55:40","slug":"les-saints","status":"publish","type":"page","link":"https:\/\/louis.armentierois.fr\/index.php\/les-saints\/","title":{"rendered":"Les saints"},"content":{"rendered":"\n<p>Les saints et saintes de Dieu sont des hommes ou des anges qui sont entr\u00e9s en grande amiti\u00e9 avec le Christ. Leur vie en a \u00e9t\u00e9 transform\u00e9e. Elle est devenue semblable \u00e0 celle du Christ. Ils ont permis que la lumi\u00e8re de Dieu traverse leur vie, ils se sont laiss\u00e9s guider par l&rsquo;Evangile et ont mis leurs charismes au service des autres. Ils demeurent bien vivants avec le Christ ressuscit\u00e9 par del\u00e0 la mort et interc\u00e8dent pour nous aupr\u00e8s du P\u00e8re. En se confiant \u00e0 eux, et par leurs pri\u00e8res, on peut obtenir d&rsquo;eux de grandes faveurs et parfois m\u00eame des miracles.<\/p>\n\n\n\n<p>Le concile Vatican II nous rappelle que les habitants du ciel que sont les saints et les saintes de Dieu contribuent \u00e0 affermir plus solidement l&rsquo;Eglise en saintet\u00e9. Contempler la vie des hommes et femmes qui ont suivi fid\u00e8lement le Christ, est un stimulant \u00e0 rechercher la cit\u00e9 \u00e0 venir. Ils nous apprennent \u00e0 nous unir au Christ, le seul Saint !<\/p>\n\n\n\n<figure class=\"wp-block-image size-large\"><img loading=\"lazy\" decoding=\"async\" width=\"640\" height=\"629\" src=\"https:\/\/i0.wp.com\/louis.armentierois.fr\/wp-content\/uploads\/2023\/07\/stained-glass-gca865d907_1280.jpg?resize=640%2C629&#038;ssl=1\" alt=\"\" class=\"wp-image-268\" srcset=\"https:\/\/i0.wp.com\/louis.armentierois.fr\/wp-content\/uploads\/2023\/07\/stained-glass-gca865d907_1280.jpg?resize=1024%2C1006&amp;ssl=1 1024w, https:\/\/i0.wp.com\/louis.armentierois.fr\/wp-content\/uploads\/2023\/07\/stained-glass-gca865d907_1280.jpg?resize=300%2C295&amp;ssl=1 300w, https:\/\/i0.wp.com\/louis.armentierois.fr\/wp-content\/uploads\/2023\/07\/stained-glass-gca865d907_1280.jpg?resize=768%2C754&amp;ssl=1 768w, https:\/\/i0.wp.com\/louis.armentierois.fr\/wp-content\/uploads\/2023\/07\/stained-glass-gca865d907_1280.jpg?resize=78%2C78&amp;ssl=1 78w, https:\/\/i0.wp.com\/louis.armentierois.fr\/wp-content\/uploads\/2023\/07\/stained-glass-gca865d907_1280.jpg?w=1280&amp;ssl=1 1280w\" sizes=\"auto, (max-width: 640px) 100vw, 640px\" data-recalc-dims=\"1\" \/><\/figure>\n","protected":false},"excerpt":{"rendered":"<p>Les saints et saintes de Dieu sont des hommes ou des anges qui sont entr\u00e9s en grande amiti\u00e9 avec le &hellip; <\/p>\n","protected":false},"author":1,"featured_media":0,"parent":0,"menu_order":0,"comment_status":"closed","ping_status":"closed","template":"","meta":{"footnotes":""},"class_list":["post-47","page","type-page","status-publish","hentry"],"jetpack_sharing_enabled":true,"_links":{"self":[{"href":"https:\/\/louis.armentierois.fr\/index.php\/wp-json\/wp\/v2\/pages\/47","targetHints":{"allow":["GET"]}}],"collection":[{"href":"https:\/\/louis.armentierois.fr\/index.php\/wp-json\/wp\/v2\/pages"}],"about":[{"href":"https:\/\/louis.armentierois.fr\/index.php\/wp-json\/wp\/v2\/types\/page"}],"author":[{"embeddable":true,"href":"https:\/\/louis.armentierois.fr\/index.php\/wp-json\/wp\/v2\/users\/1"}],"replies":[{"embeddable":true,"href":"https:\/\/louis.armentierois.fr\/index.php\/wp-json\/wp\/v2\/comments?post=47"}],"version-history":[{"count":0,"href":"https:\/\/louis.armentierois.fr\/index.php\/wp-json\/wp\/v2\/pages\/47\/revisions"}],"wp:attachment":[{"href":"https:\/\/louis.armentierois.fr\/index.php\/wp-json\/wp\/v2\/media?parent=47"}],"curies":[{"name":"wp","href":"https:\/\/api.w.org\/{rel}","templated":true}]}}