{"id":41,"date":"2023-07-15T15:47:41","date_gmt":"2023-07-15T13:47:41","guid":{"rendered":"http:\/\/www.nds.armentierois.fr\/?page_id=41"},"modified":"2023-08-11T21:29:10","modified_gmt":"2023-08-11T19:29:10","slug":"rencontrer-un-pretre","status":"publish","type":"page","link":"https:\/\/louis.armentierois.fr\/index.php\/rencontrer-un-pretre\/","title":{"rendered":"Rencontrer un pr\u00eatre"},"content":{"rendered":"\n<p>Vous souhaitez rencontrer un pr\u00eatre pour parler, approfondir votre foi ou recevoir le sacrement du pardon, vous pouvez vous adresser \u00e0 la paroisse de les douze ap\u00f4tres <strong>03 20 77 20 82<\/strong> ou envoyer un email \u00e0 <strong><a href=\"12apotres@armentierois.fr\">Paroisse<\/a><\/strong><\/p>\n","protected":false},"excerpt":{"rendered":"<p>Vous souhaitez rencontrer un pr\u00eatre pour parler, approfondir votre foi ou recevoir le sacrement du pardon, vous pouvez vous adresser &hellip; <\/p>\n","protected":false},"author":1,"featured_media":0,"parent":0,"menu_order":0,"comment_status":"closed","ping_status":"closed","template":"","meta":{"footnotes":""},"class_list":["post-41","page","type-page","status-publish","hentry"],"jetpack_sharing_enabled":true,"_links":{"self":[{"href":"https:\/\/louis.armentierois.fr\/index.php\/wp-json\/wp\/v2\/pages\/41","targetHints":{"allow":["GET"]}}],"collection":[{"href":"https:\/\/louis.armentierois.fr\/index.php\/wp-json\/wp\/v2\/pages"}],"about":[{"href":"https:\/\/louis.armentierois.fr\/index.php\/wp-json\/wp\/v2\/types\/page"}],"author":[{"embeddable":true,"href":"https:\/\/louis.armentierois.fr\/index.php\/wp-json\/wp\/v2\/users\/1"}],"replies":[{"embeddable":true,"href":"https:\/\/louis.armentierois.fr\/index.php\/wp-json\/wp\/v2\/comments?post=41"}],"version-history":[{"count":2,"href":"https:\/\/louis.armentierois.fr\/index.php\/wp-json\/wp\/v2\/pages\/41\/revisions"}],"predecessor-version":[{"id":1072,"href":"https:\/\/louis.armentierois.fr\/index.php\/wp-json\/wp\/v2\/pages\/41\/revisions\/1072"}],"wp:attachment":[{"href":"https:\/\/louis.armentierois.fr\/index.php\/wp-json\/wp\/v2\/media?parent=41"}],"curies":[{"name":"wp","href":"https:\/\/api.w.org\/{rel}","templated":true}]}}