{"id":243,"date":"2023-07-16T19:54:17","date_gmt":"2023-07-16T17:54:17","guid":{"rendered":"https:\/\/www.nds.armentierois.fr\/?page_id=243"},"modified":"2023-09-01T16:17:04","modified_gmt":"2023-09-01T14:17:04","slug":"6eme-station-veronique-essuie-le-visage-de-jesus","status":"publish","type":"page","link":"https:\/\/louis.armentierois.fr\/index.php\/6eme-station-veronique-essuie-le-visage-de-jesus\/","title":{"rendered":"6\u00e8me station, V\u00e9ronique essuie le visage de J\u00e9sus"},"content":{"rendered":"\n<p class=\"has-background\" style=\"background-color:#7bdbb547\">Du livre du proph\u00e8te Isa\u00efe (<em>Is<\/em>&nbsp;53, 2-3)<\/p>\n\n\n\n<p class=\"has-background\" style=\"background-color:#7bdbb54f\"><em>Il \u00e9tait sans apparence ni beaut\u00e9 qui attire nos regards, son aspect n\u2019avait rien pour nous plaire. M\u00e9pris\u00e9, abandonn\u00e9 des hommes, homme de douleurs, familier de la souffrance, il \u00e9tait pareil \u00e0 celui devant qui on se voile la face&nbsp;; et nous l\u2019avons m\u00e9pris\u00e9, compt\u00e9 pour rien<\/em>.<\/p>\n\n\n\n<figure class=\"wp-block-image size-large is-style-default\"><img loading=\"lazy\" decoding=\"async\" width=\"640\" height=\"853\" src=\"https:\/\/i0.wp.com\/louis.armentierois.fr\/wp-content\/uploads\/2023\/08\/img_2226-1.jpg?resize=640%2C853&#038;ssl=1\" alt=\"\" class=\"wp-image-881\" srcset=\"https:\/\/i0.wp.com\/louis.armentierois.fr\/wp-content\/uploads\/2023\/08\/img_2226-1-scaled.jpg?resize=768%2C1024&amp;ssl=1 768w, https:\/\/i0.wp.com\/louis.armentierois.fr\/wp-content\/uploads\/2023\/08\/img_2226-1-scaled.jpg?resize=225%2C300&amp;ssl=1 225w, https:\/\/i0.wp.com\/louis.armentierois.fr\/wp-content\/uploads\/2023\/08\/img_2226-1-scaled.jpg?resize=1152%2C1536&amp;ssl=1 1152w, https:\/\/i0.wp.com\/louis.armentierois.fr\/wp-content\/uploads\/2023\/08\/img_2226-1-scaled.jpg?resize=1536%2C2048&amp;ssl=1 1536w, https:\/\/i0.wp.com\/louis.armentierois.fr\/wp-content\/uploads\/2023\/08\/img_2226-1-scaled.jpg?w=1920&amp;ssl=1 1920w, https:\/\/i0.wp.com\/louis.armentierois.fr\/wp-content\/uploads\/2023\/08\/img_2226-1-scaled.jpg?w=1280&amp;ssl=1 1280w\" sizes=\"auto, (max-width: 640px) 100vw, 640px\" data-recalc-dims=\"1\" \/><figcaption class=\"wp-element-caption\">V\u00e9ronique essuie le visage de j\u00e9sus <\/figcaption><\/figure>\n\n\n\n<p>Je te vois, J\u00e9sus, mis\u00e9rable, presque m\u00e9connaissable, trait\u00e9 comme le dernier des hommes. Tu marches p\u00e9niblement vers ta mort le visage ensanglant\u00e9 et d\u00e9figur\u00e9, et cependant, comme toujours, doux et humble, tourn\u00e9 vers le ciel. Une femme se fraye un chemin \u00e0 travers la foule pour voir de pr\u00e8s ton visage qui, peut-\u00eatre, avait tant de fois parl\u00e9 \u00e0 son \u00e2me, et qu\u2019elle avait aim\u00e9. Elle le voit souffrant et elle veut le soulager. Ils ne la laissent pas passer, ils sont trop nombreux, et arm\u00e9s. Mais tout cela n\u2019a pas d\u2019importance pour elle&nbsp;; elle est d\u00e9termin\u00e9e \u00e0 te rejoindre et elle parvient, un moment, \u00e0 te toucher, \u00e0 te caresser avec son voile. Sa force est la force de la tendresse. Vos regards se croisent un instant, le visage dans le visage de l\u2019autre.<\/p>\n\n\n\n<p>Cette femme, V\u00e9ronique, dont nous ne savons rien, dont nous ne connaissons pas l\u2019histoire, gagne le Paradis par un simple geste de charit\u00e9. Elle s\u2019approche de toi, elle observe ton visage tortur\u00e9 et elle l\u2019aime plus encore qu\u2019avant. V\u00e9ronique ne s\u2019arr\u00eate pas aux apparences qui sont si importantes aujourd\u2019hui dans notre soci\u00e9t\u00e9 d\u2019images. Mais elle aime inconditionnellement un visage laid, pas soign\u00e9, pas maquill\u00e9 et imparfait. Ce visage, ton visage, J\u00e9sus, montre dans son imperfection m\u00eame la perfection de ton amour pour nous.<\/p>\n\n\n\n<p class=\"has-background\" style=\"background-color:#ff6a0045\">Je te prie, J\u00e9sus, donne-moi la force<br>de m\u2019approcher des autres personnes, de toute personne,<br>jeune ou \u00e2g\u00e9e, pauvre ou riche, qui m\u2019est ch\u00e8re ou qui m\u2019est inconnue,<br>et de voir en ces visages ton visage.<br>Aide-moi \u00e0 ne pas tarder<br>\u00e0 secourir le prochain chez qui tu demeures,<br>comme V\u00e9ronique a accouru vers toi sur le chemin du Calvaire.<\/p>\n\n\n\n<p class=\"has-background\" style=\"background-color:#ff6a0045\">On peut prier le Notre P\u00e8re.<\/p>\n","protected":false},"excerpt":{"rendered":"<p>Du livre du proph\u00e8te Isa\u00efe (Is&nbsp;53, 2-3) Il \u00e9tait sans apparence ni beaut\u00e9 qui attire nos regards, son aspect n\u2019avait &hellip; <\/p>\n","protected":false},"author":1,"featured_media":881,"parent":0,"menu_order":0,"comment_status":"closed","ping_status":"closed","template":"","meta":{"footnotes":""},"class_list":["post-243","page","type-page","status-publish","has-post-thumbnail","hentry"],"jetpack_sharing_enabled":true,"_links":{"self":[{"href":"https:\/\/louis.armentierois.fr\/index.php\/wp-json\/wp\/v2\/pages\/243","targetHints":{"allow":["GET"]}}],"collection":[{"href":"https:\/\/louis.armentierois.fr\/index.php\/wp-json\/wp\/v2\/pages"}],"about":[{"href":"https:\/\/louis.armentierois.fr\/index.php\/wp-json\/wp\/v2\/types\/page"}],"author":[{"embeddable":true,"href":"https:\/\/louis.armentierois.fr\/index.php\/wp-json\/wp\/v2\/users\/1"}],"replies":[{"embeddable":true,"href":"https:\/\/louis.armentierois.fr\/index.php\/wp-json\/wp\/v2\/comments?post=243"}],"version-history":[{"count":4,"href":"https:\/\/louis.armentierois.fr\/index.php\/wp-json\/wp\/v2\/pages\/243\/revisions"}],"predecessor-version":[{"id":1518,"href":"https:\/\/louis.armentierois.fr\/index.php\/wp-json\/wp\/v2\/pages\/243\/revisions\/1518"}],"wp:featuredmedia":[{"embeddable":true,"href":"https:\/\/louis.armentierois.fr\/index.php\/wp-json\/wp\/v2\/media\/881"}],"wp:attachment":[{"href":"https:\/\/louis.armentierois.fr\/index.php\/wp-json\/wp\/v2\/media?parent=243"}],"curies":[{"name":"wp","href":"https:\/\/api.w.org\/{rel}","templated":true}]}}