{"id":189,"date":"2023-07-16T18:10:38","date_gmt":"2023-07-16T16:10:38","guid":{"rendered":"http:\/\/www.nds.armentierois.fr\/?page_id=189"},"modified":"2023-09-01T14:25:45","modified_gmt":"2023-09-01T12:25:45","slug":"croix-2","status":"publish","type":"page","link":"https:\/\/louis.armentierois.fr\/index.php\/croix-2\/","title":{"rendered":"Croix"},"content":{"rendered":"\n<p>Sur le sommet de toutes les \u00e9glises, on voit appara\u00eetre une croix. C&rsquo;est le signe des chr\u00e9tiens, c&rsquo;est le geste que l&rsquo;on re\u00e7oit sur notre front le jour de notre bapt\u00eame. Ici nous en avons cinq en fa\u00e7ade : une au sommet de l\u2019\u00e9glise, une sur la pointe du fronton, trois sur le tympan entourant le IHS (J\u00e9sus Homme Sauveur).<\/p>\n\n\n\n<figure class=\"wp-block-image size-large\"><img loading=\"lazy\" decoding=\"async\" width=\"640\" height=\"853\" src=\"https:\/\/i0.wp.com\/louis.armentierois.fr\/wp-content\/uploads\/2023\/08\/img_2303.jpg?resize=640%2C853&#038;ssl=1\" alt=\"\" class=\"wp-image-1444\" srcset=\"https:\/\/i0.wp.com\/louis.armentierois.fr\/wp-content\/uploads\/2023\/08\/img_2303-scaled.jpg?resize=768%2C1024&amp;ssl=1 768w, https:\/\/i0.wp.com\/louis.armentierois.fr\/wp-content\/uploads\/2023\/08\/img_2303-scaled.jpg?resize=225%2C300&amp;ssl=1 225w, https:\/\/i0.wp.com\/louis.armentierois.fr\/wp-content\/uploads\/2023\/08\/img_2303-scaled.jpg?resize=1152%2C1536&amp;ssl=1 1152w, https:\/\/i0.wp.com\/louis.armentierois.fr\/wp-content\/uploads\/2023\/08\/img_2303-scaled.jpg?resize=1536%2C2048&amp;ssl=1 1536w, https:\/\/i0.wp.com\/louis.armentierois.fr\/wp-content\/uploads\/2023\/08\/img_2303-scaled.jpg?w=1920&amp;ssl=1 1920w, https:\/\/i0.wp.com\/louis.armentierois.fr\/wp-content\/uploads\/2023\/08\/img_2303-scaled.jpg?w=1280&amp;ssl=1 1280w\" sizes=\"auto, (max-width: 640px) 100vw, 640px\" data-recalc-dims=\"1\" \/><figcaption class=\"wp-element-caption\">La Croix du clocher<\/figcaption><\/figure>\n\n\n\n<p>Elle nous rappelle que J\u00e9sus est mort sur la croix. Il n&rsquo;a pas fait semblant. Il ne subit pas la passion qu&rsquo;on lui inflige mais il y entre, apr\u00e8s agonie et pri\u00e8re, dans la confiance celle de faire du don de sa vie une offrande pour notre Salut. Il accomplit non sa volont\u00e9 mais la volont\u00e9 du P\u00e8re. Il accepte de mourir pour nous. Il transforme pour nous la mort en un passage vers la vie. Il nous dit au c\u0153ur de sa passion \u00ab\u00a0Ma vie, nul ne la prend, c&rsquo;est moi qui la donne\u00a0\u00bb. Il donne sa vie par amour pour nous.<\/p>\n\n\n\n<p>La croix \u00e9tait l&rsquo;instrument de supplice sur lequel on attachait ou clouait les condamn\u00e9s \u00e0 mort. Pour les chr\u00e9tiens, la&nbsp;croix, en raison de la condamnation et de la mort de J\u00e9sus, devient le symbole du myst\u00e8re pascal et le signe de salut pour l\u2019humanit\u00e9. Elle r\u00e9v\u00e8le l\u2019amour infini de Dieu dans le don salvifique du Christ mort et ressuscit\u00e9. Elle nous rappelle notre bapt\u00eame par lequel nous devenons enfants de Dieu.<\/p>\n\n\n\n<figure class=\"wp-block-image size-large\"><img loading=\"lazy\" decoding=\"async\" width=\"640\" height=\"853\" src=\"https:\/\/i0.wp.com\/louis.armentierois.fr\/wp-content\/uploads\/2023\/08\/img_2273-2.jpg?resize=640%2C853&#038;ssl=1\" alt=\"\" class=\"wp-image-1318\" srcset=\"https:\/\/i0.wp.com\/louis.armentierois.fr\/wp-content\/uploads\/2023\/08\/img_2273-2-scaled.jpg?resize=768%2C1024&amp;ssl=1 768w, https:\/\/i0.wp.com\/louis.armentierois.fr\/wp-content\/uploads\/2023\/08\/img_2273-2-scaled.jpg?resize=225%2C300&amp;ssl=1 225w, https:\/\/i0.wp.com\/louis.armentierois.fr\/wp-content\/uploads\/2023\/08\/img_2273-2-scaled.jpg?resize=1152%2C1536&amp;ssl=1 1152w, https:\/\/i0.wp.com\/louis.armentierois.fr\/wp-content\/uploads\/2023\/08\/img_2273-2-scaled.jpg?resize=1536%2C2048&amp;ssl=1 1536w, https:\/\/i0.wp.com\/louis.armentierois.fr\/wp-content\/uploads\/2023\/08\/img_2273-2-scaled.jpg?w=1920&amp;ssl=1 1920w, https:\/\/i0.wp.com\/louis.armentierois.fr\/wp-content\/uploads\/2023\/08\/img_2273-2-scaled.jpg?w=1280&amp;ssl=1 1280w\" sizes=\"auto, (max-width: 640px) 100vw, 640px\" data-recalc-dims=\"1\" \/><\/figure>\n\n\n\n<p>Une croix orne le pignon du porche.<\/p>\n\n\n\n<p>Trois autres croix sont appos\u00e9es sur le tympan . Elles rappellent que le Dieu des chr\u00e9tiens est Trinitaire, un seul Dieu en trois personnes : Dieu est P\u00e8re et Fils et Saint-Esprit.<\/p>\n\n\n\n<p><\/p>\n","protected":false},"excerpt":{"rendered":"<p>Sur le sommet de toutes les \u00e9glises, on voit appara\u00eetre une croix. C&rsquo;est le signe des chr\u00e9tiens, c&rsquo;est le geste &hellip; <\/p>\n","protected":false},"author":1,"featured_media":1444,"parent":0,"menu_order":0,"comment_status":"closed","ping_status":"closed","template":"","meta":{"footnotes":""},"class_list":["post-189","page","type-page","status-publish","has-post-thumbnail","hentry"],"jetpack_sharing_enabled":true,"_links":{"self":[{"href":"https:\/\/louis.armentierois.fr\/index.php\/wp-json\/wp\/v2\/pages\/189","targetHints":{"allow":["GET"]}}],"collection":[{"href":"https:\/\/louis.armentierois.fr\/index.php\/wp-json\/wp\/v2\/pages"}],"about":[{"href":"https:\/\/louis.armentierois.fr\/index.php\/wp-json\/wp\/v2\/types\/page"}],"author":[{"embeddable":true,"href":"https:\/\/louis.armentierois.fr\/index.php\/wp-json\/wp\/v2\/users\/1"}],"replies":[{"embeddable":true,"href":"https:\/\/louis.armentierois.fr\/index.php\/wp-json\/wp\/v2\/comments?post=189"}],"version-history":[{"count":5,"href":"https:\/\/louis.armentierois.fr\/index.php\/wp-json\/wp\/v2\/pages\/189\/revisions"}],"predecessor-version":[{"id":1482,"href":"https:\/\/louis.armentierois.fr\/index.php\/wp-json\/wp\/v2\/pages\/189\/revisions\/1482"}],"wp:featuredmedia":[{"embeddable":true,"href":"https:\/\/louis.armentierois.fr\/index.php\/wp-json\/wp\/v2\/media\/1444"}],"wp:attachment":[{"href":"https:\/\/louis.armentierois.fr\/index.php\/wp-json\/wp\/v2\/media?parent=189"}],"curies":[{"name":"wp","href":"https:\/\/api.w.org\/{rel}","templated":true}]}}