{"id":151,"date":"2023-07-16T17:53:56","date_gmt":"2023-07-16T15:53:56","guid":{"rendered":"http:\/\/www.nds.armentierois.fr\/?page_id=151"},"modified":"2023-08-28T11:13:44","modified_gmt":"2023-08-28T09:13:44","slug":"retour-du-calvaire","status":"publish","type":"page","link":"https:\/\/louis.armentierois.fr\/index.php\/retour-du-calvaire\/","title":{"rendered":"Saint R\u00e9my"},"content":{"rendered":"\n<p>N\u00e9 aux alentours de l\u2019an 437, Remi est issu d\u2019une\u00a0bonne famille gallo-romaine\u00a0de la r\u00e9gion de l\u2019actuelle\u00a0Champagne. Sa\u00a0m\u00e8re \u00e9tait<strong>\u00a0<\/strong>sainte\u00a0et il b\u00e9n\u00e9ficie d\u2019une\u00a0tr\u00e8s bonne \u00e9ducation. Il devient<strong>\u00a0<\/strong>\u00e9v\u00eaque tr\u00e8s jeune\u00a0par le souhait du clerg\u00e9 et de la population et<strong>\u00a0<\/strong>endosse parfaitement son r\u00f4le gr\u00e2ce \u00e0 ses<strong>\u00a0<\/strong>qualit\u00e9s d\u2019orateur<strong>\u00a0<\/strong>et sa\u00a0connaissance approfondie des \u00e9critures.\u00a0Par d\u2019habiles man\u0153uvres politiques, il<strong>\u00a0<\/strong>convertit les francs,<strong>\u00a0<\/strong>dont le roi<strong>\u00a0<\/strong>Clovis se fait baptiser<strong>\u00a0<\/strong>de ses mains<strong>.<\/strong>\u00a0Il aura \u00e0 c\u0153ur<strong>\u00a0<\/strong>d\u2019\u00e9vang\u00e9liser le royaume divis\u00e9<strong>\u00a0<\/strong>pendant toute sa vie et de venir en aide aux<strong>\u00a0<\/strong>malades et aux pauvres.<strong>\u00a0<\/strong>Son minist\u00e8re d\u2019\u00e9v\u00eaque dure\u00a0plus de 70 ans, un record pour l\u2019\u00e9poque, et il meurt tr\u00e8s \u00e2g\u00e9 en 533.\u00a0<\/p>\n\n\n\n<figure class=\"wp-block-image size-large\"><img loading=\"lazy\" decoding=\"async\" width=\"640\" height=\"360\" src=\"https:\/\/i0.wp.com\/louis.armentierois.fr\/wp-content\/uploads\/2023\/08\/img_2248-edited-scaled.jpg?resize=640%2C360&#038;ssl=1\" alt=\"\" class=\"wp-image-1286\" srcset=\"https:\/\/i0.wp.com\/louis.armentierois.fr\/wp-content\/uploads\/2023\/08\/img_2248-edited-scaled.jpg?w=2560&amp;ssl=1 2560w, https:\/\/i0.wp.com\/louis.armentierois.fr\/wp-content\/uploads\/2023\/08\/img_2248-edited-scaled.jpg?resize=300%2C169&amp;ssl=1 300w, https:\/\/i0.wp.com\/louis.armentierois.fr\/wp-content\/uploads\/2023\/08\/img_2248-edited-scaled.jpg?resize=1024%2C576&amp;ssl=1 1024w, https:\/\/i0.wp.com\/louis.armentierois.fr\/wp-content\/uploads\/2023\/08\/img_2248-edited-scaled.jpg?resize=768%2C432&amp;ssl=1 768w, https:\/\/i0.wp.com\/louis.armentierois.fr\/wp-content\/uploads\/2023\/08\/img_2248-edited-scaled.jpg?resize=1536%2C864&amp;ssl=1 1536w, https:\/\/i0.wp.com\/louis.armentierois.fr\/wp-content\/uploads\/2023\/08\/img_2248-edited-scaled.jpg?resize=2048%2C1152&amp;ssl=1 2048w, https:\/\/i0.wp.com\/louis.armentierois.fr\/wp-content\/uploads\/2023\/08\/img_2248-edited-scaled.jpg?w=1280&amp;ssl=1 1280w, https:\/\/i0.wp.com\/louis.armentierois.fr\/wp-content\/uploads\/2023\/08\/img_2248-edited-scaled.jpg?w=1920&amp;ssl=1 1920w\" sizes=\"auto, (max-width: 640px) 100vw, 640px\" data-recalc-dims=\"1\" \/><figcaption class=\"wp-element-caption\"><em>Ce vitrail repr\u00e9sente l&rsquo;\u00e9v\u00eaque Saint R\u00e9my b\u00e9nissant<\/em><\/figcaption><\/figure>\n\n\n\n<p><em>\u201cLe Seigneur ne nous a pas \u00e9tablis pour dominer sur le peuple, mais pour le conduire avec douceur \u00ab\u00a0,\u00a0<\/em>dit Saint Remi dans une lettre \u00e0 ses\u00a0fr\u00e8res \u00e9v\u00eaques.\u00a0<\/p>\n\n\n\n<p>La\u00a0naissance de Saint Remi\u00a0aurait \u00e9t\u00e9 annonc\u00e9e \u00e0 sa m\u00e8re\u00a0sainte C\u00e9line, par un ermite nomm\u00e9\u00a0Montanus, pr\u00e9disant l\u2019enfantement d\u2019un \u201cgar\u00e7on d\u2019un rare m\u00e9rite\u201d. Le nom\u00a0de Remi ou <em>Remedius<\/em>\u00a0signifie d\u2019ailleurs\u00a0rem\u00e8de. N\u00e9 dans une famille gallo-romaine de bonne position sociale, il b\u00e9n\u00e9ficie d\u2019une<strong>\u00a0<\/strong>excellente \u00e9ducation, comme en t\u00e9moigne le style riche et \u00e9rudit qu\u2019il utilise dans ses lettres. Vers 20 ans, il se\u00a0retire du monde\u00a0pour \u00e9tudier et mener une vie de pri\u00e8re. Sa r\u00e9putation grandit et lorsque l\u2019\u00e9v\u00eaque de Reims d\u00e9c\u00e8de, le clerg\u00e9 et la population de\u00a0Reims\u00a0lui demandent alors d\u2019accepter la charge alors qu\u2019il n\u2019a que<strong>\u00a0<\/strong>22 ans, et n\u2019est m\u00eame pas ordonn\u00e9 pr\u00eatre. Son fr\u00e8re est d\u00e9j\u00e0<strong>\u00a0<\/strong>\u00e9v\u00eaque de Soissons. Il fonde alors plusieurs dioc\u00e8ses et commence \u00e0 faire de\u00a0l\u2019\u00e9vang\u00e9lisation\u00a0son cheval de bataille. Habile orateur, fin connaisseur des \u00e9critures, exemple de diplomatie, il sert de\u00a0m\u00e9diateur\u00a0dans de nombreux\u00a0conflits entre royaumes<strong>\u00a0<\/strong>ennemis, \u00e0 l\u2019\u00e9poque o\u00f9 l\u2019empire romain se d\u00e9sagr\u00e8ge. Lors de l\u2019av\u00e8nement au tr\u00f4ne de\u00a0Clovis, il lui envoie un message qui lui demande : \u201c<em>Soulage tes concitoyens, secours les afflig\u00e9s, prot\u00e8ge les veuves, nourris les orphelins<\/em>\u201d.<\/p>\n\n\n\n<p>Reims \u00e9tant au centre du\u00a0royaume des Francs, il pr\u00eate habilement all\u00e9geance au roi Clovis en \u00e9change du\u00a0respect du monarque \u00e0 l\u2019\u00e9gard de l\u2019Eglise. On conna\u00eet l\u2019histoire de Clovis dans la\u00a0bataille de Tolbiac\u00a0contre les Alamans, qui avait promis de devenir chr\u00e9tien comme son \u00e9pouse s\u2019il remportait la victoire dans cette c\u00e9l\u00e8bre phrase : \u00ab\u00a0<em>Dieu de\u00a0Clotilde, si tu m\u2019entends, ma conversion contre une victoire !<\/em>\u00a0\u00bb. Ayant remport\u00e9 la victoire, il tient promesse et se\u00a0fait alors baptiser par Remi, \u00e9v\u00eaque de Reims, le soir de no\u00ebl 496. C\u2019est l\u00e0 que l\u2019\u00e9v\u00eaque le tient dans les fonds baptismaux et d\u00e9clame cette non moins c\u00e9l\u00e8bre r\u00e9plique, en s\u2019adressant au roi : \u201c<em>D\u00e9pose tes colliers, Sicambre, adore ce que tu as br\u00fbl\u00e9, br\u00fble ce que tu as ador\u00e9<\/em>\u201d. C\u2019est depuis cette date que tous les rois de France, \u00e0 quelques exceptions pr\u00e8s, seront\u00a0sacr\u00e9s \u00e0 Reims.\u00a0<\/p>\n\n\n\n<p>Apr\u00e8s le bapt\u00eame de Clovis, saint Remi restera l&rsquo;un des\u00a0conseillers \u00e9cout\u00e9s du roi\u00a0jusqu\u2019\u00e0 sa mort et l\u2019histoire du\u00a0vase de Soissons, rendu par le roi \u00e0 la\u00a0basilique de Reims, t\u00e9moigne des bons rapports que les deux hommes entretenaient. Clovis accorde des terres \u00e0 Remi pour\u00a0b\u00e2tir plusieurs \u00e9glises. Remi sera par ailleurs l&rsquo;un des\u00a0artisans, en Gaule, du\u00a0retour \u00e0 la v\u00e9rit\u00e9 chr\u00e9tienne\u00a0des Burgondes et des Wisigoths, peuples contamin\u00e9s par\u00a0l&rsquo;arianisme. Il n\u2019aura de cesse de propager\u00a0la vraie foi. Il s\u2019affaire \u00e9galement \u00e0 cr\u00e9er et consolider les\u00a0si\u00e8ges \u00e9piscopaux<strong>\u00a0<\/strong>et \u00e0 fonder des\u00a0\u00e9tablissements de charit\u00e9\u00a0pour les malades et les pauvres. Peu \u00e0 peu, une r\u00e9putation de\u00a0thaumaturge\u00a0se cr\u00e9e autour de lui. Apr\u00e8s plus de 70 ans de minist\u00e8re, il meurt tr\u00e8s \u00e2g\u00e9, en 533.\u00a0<\/p>\n\n\n\n<h3 class=\"wp-block-heading\" id=\"priere-pour-la-charite\">Pri\u00e8re pour la charit\u00e9 avec Saint Remy<\/h3>\n\n\n\n<p>Saint Remi, vous \u00e9criviez \u00e0 Clovis : \u00ab\u00a0<em>Secourez les malheureux, prot\u00e9gez les veuves, nourrissez les orphelins\u2026 Que votre tribunal reste ouvert \u00e0 tous et que personne n\u2019en sorte triste ! Toutes les richesses de vos anc\u00eatres, vous les emploierez \u00e0 la lib\u00e9ration des captifs et au rachat des esclaves. Admis en votre palais, que nul ne s\u2019y sente \u00e9tranger ! Plaisantez avec les jeunes, d\u00e9lib\u00e9rez avec les vieillards !<\/em>\u00a0\u00bb Apprenez-nous \u00e0 agir ainsi. Amen.<\/p>\n","protected":false},"excerpt":{"rendered":"<p>N\u00e9 aux alentours de l\u2019an 437, Remi est issu d\u2019une\u00a0bonne famille gallo-romaine\u00a0de la r\u00e9gion de l\u2019actuelle\u00a0Champagne. Sa\u00a0m\u00e8re \u00e9tait\u00a0sainte\u00a0et il b\u00e9n\u00e9ficie &hellip; <\/p>\n","protected":false},"author":1,"featured_media":1286,"parent":0,"menu_order":0,"comment_status":"closed","ping_status":"closed","template":"","meta":{"footnotes":""},"class_list":["post-151","page","type-page","status-publish","has-post-thumbnail","hentry"],"jetpack_sharing_enabled":true,"_links":{"self":[{"href":"https:\/\/louis.armentierois.fr\/index.php\/wp-json\/wp\/v2\/pages\/151","targetHints":{"allow":["GET"]}}],"collection":[{"href":"https:\/\/louis.armentierois.fr\/index.php\/wp-json\/wp\/v2\/pages"}],"about":[{"href":"https:\/\/louis.armentierois.fr\/index.php\/wp-json\/wp\/v2\/types\/page"}],"author":[{"embeddable":true,"href":"https:\/\/louis.armentierois.fr\/index.php\/wp-json\/wp\/v2\/users\/1"}],"replies":[{"embeddable":true,"href":"https:\/\/louis.armentierois.fr\/index.php\/wp-json\/wp\/v2\/comments?post=151"}],"version-history":[{"count":7,"href":"https:\/\/louis.armentierois.fr\/index.php\/wp-json\/wp\/v2\/pages\/151\/revisions"}],"predecessor-version":[{"id":1298,"href":"https:\/\/louis.armentierois.fr\/index.php\/wp-json\/wp\/v2\/pages\/151\/revisions\/1298"}],"wp:featuredmedia":[{"embeddable":true,"href":"https:\/\/louis.armentierois.fr\/index.php\/wp-json\/wp\/v2\/media\/1286"}],"wp:attachment":[{"href":"https:\/\/louis.armentierois.fr\/index.php\/wp-json\/wp\/v2\/media?parent=151"}],"curies":[{"name":"wp","href":"https:\/\/api.w.org\/{rel}","templated":true}]}}