{"id":149,"date":"2023-07-16T17:53:29","date_gmt":"2023-07-16T15:53:29","guid":{"rendered":"http:\/\/www.nds.armentierois.fr\/?page_id=149"},"modified":"2023-08-28T11:18:33","modified_gmt":"2023-08-28T09:18:33","slug":"presentation-de-jesus-au-temple","status":"publish","type":"page","link":"https:\/\/louis.armentierois.fr\/index.php\/presentation-de-jesus-au-temple\/","title":{"rendered":"Saint Louis re\u00e7oit le viatique"},"content":{"rendered":"\n<p><em>Les vitraux de Saint Louis sont entour\u00e9s de ceux de Saint Remy et de Sainte Clotilde, il situe ainsi Saint Louis en digne descendant de Clovis, premier Roi des Francs, sacr\u00e9 \u00e0 Reims<\/em>.<\/p>\n\n\n\n<p>Revenu s\u00e9rieusement malade de sa&nbsp;campagne de Saintonge, la sant\u00e9 du roi reste depuis fragile. Le&nbsp;10 d\u00e9cembre 1244, il tombe gravement malade, probablement de&nbsp;dysenterie, \u00e0&nbsp;Pontoise, et semble aux portes de la mort. Le&nbsp;14 d\u00e9cembre, afin d&rsquo;\u00eatre en accord total avec Dieu, l&rsquo;\u00c9glise et sa conscience, il nomme deux arbitres pour r\u00e9gler les diff\u00e9rends qu&rsquo;il a avec le chapitre de&nbsp;Notre-Dame. Dans tout le royaume, des campagnes de qu\u00eates, de pri\u00e8res et de processions solennelles sont organis\u00e9es et&nbsp;Blanche de Castille&nbsp;fait apporter les&nbsp;reliques de la chapelle royale&nbsp;aupr\u00e8s de lui.<\/p>\n\n\n\n<p><strong>Sa gu\u00e9rison, quelques semaines plus tard, est per\u00e7ue comme un miracle<\/strong>. Alors que ses dames de compagnie le croient mort, le roi retrouve miraculeusement la sant\u00e9 ainsi que l&rsquo;usage de la parole et, sit\u00f4t, s&rsquo;en sert pour faire le v\u0153u de partir en&nbsp;croisade. La reine&nbsp;Blanche de Castille&nbsp;et la majorit\u00e9 de l&rsquo;entourage du roi, tant la\u00efques qu&rsquo;eccl\u00e9siastiques, essaient de le convaincre de renoncer \u00e0 son v\u0153u.<\/p>\n\n\n\n<p>Saint Louis part donc en croisade de r\u00e9cup\u00e9rer les lieux saints.<\/p>\n\n\n\n<p>Le sultan, qui n&rsquo;a en fait aucune intention de se convertir, a pr\u00e9par\u00e9 sa ville \u00e0 subir un si\u00e8ge et ses hommes attaquent les crois\u00e9s. Le roi d\u00e9cide ainsi de prendre d\u2019assaut la ville de Carthage pour y mettre en s\u00e9curit\u00e9 ses hommes, en attendant les renforts de son fr\u00e8re Charles d\u2019Anjou. Les crois\u00e9s s&#8217;emparent facilement de la ville, mais de nouveau, l&rsquo;arm\u00e9e subit une \u00e9pid\u00e9mie de dysenterie ou de typhus. Apr\u00e8s plus de 43 ann\u00e9es de r\u00e8gne, le roi Louis&nbsp;IX&nbsp;s&rsquo;\u00e9teint le 25 ao\u00fbt 1270 \u00e0 Carthage, victime \u00e0 son tour de l&rsquo;\u00e9pid\u00e9mie qui frappe son arm\u00e9e, \u00e0 l&rsquo;\u00e2ge de 56 ans. Sa mort est rigoureusement mise en sc\u00e8ne et ach\u00e8ve le programme d&rsquo;identification messianique du souverain fran\u00e7ais, amorc\u00e9 en 1238 par l&rsquo;acquisition de la couronne&nbsp;: <strong>le roi re\u00e7oit l&rsquo;extr\u00eame-onction<\/strong>, demande, en signe d&rsquo;humilit\u00e9, \u00e0 \u00eatre \u00e9tendu sur un lit de cendres et prononce des paroles d&rsquo;imitation christique. <\/p>\n\n\n\n<p>Une \u00e9tude men\u00e9e en 2015 par&nbsp;Philippe Charlier&nbsp;sur les reliques attribu\u00e9es au roi et dispers\u00e9es lors de sa canonisation, en 1297, suppose qu&rsquo;il souffrait de&nbsp;scorbut&nbsp;et serait mort de&nbsp;bilharziose. Une \u00e9tude de 2019 confirme une atteinte grave du roi par le scorbut<\/p>\n\n\n\n<figure class=\"wp-block-image size-large\"><img loading=\"lazy\" decoding=\"async\" width=\"640\" height=\"853\" src=\"https:\/\/i0.wp.com\/louis.armentierois.fr\/wp-content\/uploads\/2023\/08\/img_2249-1.jpg?resize=640%2C853&#038;ssl=1\" alt=\"\" class=\"wp-image-1083\" srcset=\"https:\/\/i0.wp.com\/louis.armentierois.fr\/wp-content\/uploads\/2023\/08\/img_2249-1-scaled.jpg?resize=768%2C1024&amp;ssl=1 768w, https:\/\/i0.wp.com\/louis.armentierois.fr\/wp-content\/uploads\/2023\/08\/img_2249-1-scaled.jpg?resize=225%2C300&amp;ssl=1 225w, https:\/\/i0.wp.com\/louis.armentierois.fr\/wp-content\/uploads\/2023\/08\/img_2249-1-scaled.jpg?resize=1152%2C1536&amp;ssl=1 1152w, https:\/\/i0.wp.com\/louis.armentierois.fr\/wp-content\/uploads\/2023\/08\/img_2249-1-scaled.jpg?resize=1536%2C2048&amp;ssl=1 1536w, https:\/\/i0.wp.com\/louis.armentierois.fr\/wp-content\/uploads\/2023\/08\/img_2249-1-scaled.jpg?w=1920&amp;ssl=1 1920w, https:\/\/i0.wp.com\/louis.armentierois.fr\/wp-content\/uploads\/2023\/08\/img_2249-1-scaled.jpg?w=1280&amp;ssl=1 1280w\" sizes=\"auto, (max-width: 640px) 100vw, 640px\" data-recalc-dims=\"1\" \/><figcaption class=\"wp-element-caption\"><em>Saint-Louis, \u00e0 la veille de sa mort, re\u00e7oit le viatique (Mortens Beatus), le pain de vie, le pain des anges, l&rsquo;eucharistie<\/em><\/figcaption><\/figure>\n\n\n\n<p><strong>Pri\u00e8re avec une personne en fin de vie:<\/strong><\/p>\n\n\n\n<p>Seigneur,<\/p>\n\n\n\n<p>Nous voici r\u00e9unis au chevet de &#8230;..<\/p>\n\n\n\n<p>Il\/elle ne va pas bien. Il\/elle est malade depuis longtemps et a beaucoup souffert.<br>En ce moment, nous vivons avec lui\/elle des heures d\u00e9cisives de sa vie.<\/p>\n\n\n\n<p>Cette vie, la sienne, nous la mettons entre Tes mains.<\/p>\n\n\n\n<p>Nous Te remercions pour tout ce qui \u00e9tait g\u00e9n\u00e9reux, enrichissant, port\u00e9 par l\u2019amour dans sa vie.<\/p>\n\n\n\n<p>Pour tout ce qui \u00e9tait n\u00e9gatif &#8211; nous sommes tous des \u00eatres fragiles et fautifs &#8211; pour tous ses p\u00e9ch\u00e9s, nous demandons Ton pardon et Ta mis\u00e9ricorde.<\/p>\n\n\n\n<p>Les soucis, les blessures de toutes sortes, les d\u00e9ceptions qui font partie de toute vie humaine, nous Te les confions. Nous laissons &#8230;.. entamer son dernier voyage, libre de tout ce qui pourrait le retenir ici-bas.<\/p>\n\n\n\n<p>Comme nous-m\u00eames en ce moment (*&#8230;..), \u00e9tends Ta main sur celui qui nous quitte.<\/p>\n\n\n\n<p>Aupr\u00e8s de Toi, il trouvera l\u2019accomplissement d\u00e9finitif de tout ce qu\u2019il a pu rechercher et que le monde ne peut jamais nous accorder.<\/p>\n\n\n\n<p>Tout ce qui nous touche, tout ce qui nous bouleverse en ce moment, nous Te le confions en ces mots&nbsp;: Notre P\u00e8re, qui es aux cieux &#8230;..<\/p>\n\n\n\n<p>Amen<\/p>\n","protected":false},"excerpt":{"rendered":"<p>Les vitraux de Saint Louis sont entour\u00e9s de ceux de Saint Remy et de Sainte Clotilde, il situe ainsi Saint &hellip; <\/p>\n","protected":false},"author":1,"featured_media":601,"parent":0,"menu_order":0,"comment_status":"closed","ping_status":"closed","template":"","meta":{"footnotes":""},"class_list":["post-149","page","type-page","status-publish","has-post-thumbnail","hentry"],"jetpack_sharing_enabled":true,"_links":{"self":[{"href":"https:\/\/louis.armentierois.fr\/index.php\/wp-json\/wp\/v2\/pages\/149","targetHints":{"allow":["GET"]}}],"collection":[{"href":"https:\/\/louis.armentierois.fr\/index.php\/wp-json\/wp\/v2\/pages"}],"about":[{"href":"https:\/\/louis.armentierois.fr\/index.php\/wp-json\/wp\/v2\/types\/page"}],"author":[{"embeddable":true,"href":"https:\/\/louis.armentierois.fr\/index.php\/wp-json\/wp\/v2\/users\/1"}],"replies":[{"embeddable":true,"href":"https:\/\/louis.armentierois.fr\/index.php\/wp-json\/wp\/v2\/comments?post=149"}],"version-history":[{"count":5,"href":"https:\/\/louis.armentierois.fr\/index.php\/wp-json\/wp\/v2\/pages\/149\/revisions"}],"predecessor-version":[{"id":1302,"href":"https:\/\/louis.armentierois.fr\/index.php\/wp-json\/wp\/v2\/pages\/149\/revisions\/1302"}],"wp:featuredmedia":[{"embeddable":true,"href":"https:\/\/louis.armentierois.fr\/index.php\/wp-json\/wp\/v2\/media\/601"}],"wp:attachment":[{"href":"https:\/\/louis.armentierois.fr\/index.php\/wp-json\/wp\/v2\/media?parent=149"}],"curies":[{"name":"wp","href":"https:\/\/api.w.org\/{rel}","templated":true}]}}