{"id":1468,"date":"2023-08-30T07:42:42","date_gmt":"2023-08-30T05:42:42","guid":{"rendered":"https:\/\/louis.armentierois.fr\/?page_id=1468"},"modified":"2023-09-01T14:35:43","modified_gmt":"2023-09-01T12:35:43","slug":"tableau-le-christ-en-croix","status":"publish","type":"page","link":"https:\/\/louis.armentierois.fr\/index.php\/tableau-le-christ-en-croix\/","title":{"rendered":"Tableau le Christ en croix"},"content":{"rendered":"\n<figure class=\"wp-block-image size-large\"><img loading=\"lazy\" decoding=\"async\" width=\"640\" height=\"853\" src=\"https:\/\/i0.wp.com\/louis.armentierois.fr\/wp-content\/uploads\/2023\/08\/img_2212.jpg?resize=640%2C853&#038;ssl=1\" alt=\"\" class=\"wp-image-1471\" srcset=\"https:\/\/i0.wp.com\/louis.armentierois.fr\/wp-content\/uploads\/2023\/08\/img_2212-scaled.jpg?resize=768%2C1024&amp;ssl=1 768w, https:\/\/i0.wp.com\/louis.armentierois.fr\/wp-content\/uploads\/2023\/08\/img_2212-scaled.jpg?resize=225%2C300&amp;ssl=1 225w, https:\/\/i0.wp.com\/louis.armentierois.fr\/wp-content\/uploads\/2023\/08\/img_2212-scaled.jpg?resize=1152%2C1536&amp;ssl=1 1152w, https:\/\/i0.wp.com\/louis.armentierois.fr\/wp-content\/uploads\/2023\/08\/img_2212-scaled.jpg?resize=1536%2C2048&amp;ssl=1 1536w, https:\/\/i0.wp.com\/louis.armentierois.fr\/wp-content\/uploads\/2023\/08\/img_2212-scaled.jpg?w=1920&amp;ssl=1 1920w, https:\/\/i0.wp.com\/louis.armentierois.fr\/wp-content\/uploads\/2023\/08\/img_2212-scaled.jpg?w=1280&amp;ssl=1 1280w\" sizes=\"auto, (max-width: 640px) 100vw, 640px\" data-recalc-dims=\"1\" \/><figcaption class=\"wp-element-caption\">La bienheureuse Vierge Marie \u00e9plor\u00e9e au pied de la croix <\/figcaption><\/figure>\n\n\n\n<p>A droite de l&rsquo;orgue, on retrouve une reproduction d&rsquo;un tableau du Christ en Croix. Les couleurs sombres du tableau nous indiquent que les t\u00e9n\u00e8bres se sont abattues mais un rayon de soleil (en haut \u00e0 gauche du tableau) semble d\u00e9j\u00e0 les d\u00e9chirer. Ce rayon manifeste notre esp\u00e9rance chr\u00e9tienne acquise par le sacrifice de J\u00e9sus en croix.<\/p>\n\n\n\n<p>Le serpent (symbole du d\u00e9mon) y apparait vaincu. Le bois de la croix l&rsquo;a assomm\u00e9. Au pied de la croix, on aper\u00e7oit \u00e9galement la Vierge Marie, elle est \u00e0 la fois \u00e9plor\u00e9e, elle a le c\u0153ur transperc\u00e9 comme l&rsquo;avait annonc\u00e9 le proph\u00e8te Sym\u00e9on au moment de la cons\u00e9cration de J\u00e9sus au Temple \u00e0 l&rsquo;\u00e2ge de 8 jours. N\u00e9anmoins, Marie r\u00e8gne, son pied est comme sur un socle, elle r\u00e8gne en vertu de la royaut\u00e9 du Christ qui s&rsquo;est \u00e9tablie sur la croix. Le Christ mort en croix est en r\u00e9alit\u00e9 le grand victorieux, il a vaincu la mort et le p\u00e9ch\u00e9, c&rsquo;est notre esp\u00e9rance chr\u00e9tienne. Il va ressusciter. Une aur\u00e9ole manifestant que J\u00e9sus est le seul Saint entoure sa t\u00eate d\u00e8s sa mort sur la Croix. En arri\u00e8re-fond, on aper\u00e7oit la ville de J\u00e9rusalem. Un ange r\u00e9cup\u00e8re dans un calice le sang vers\u00e9 du Christ pour la multitude et pour la r\u00e9mission de nos p\u00e9ch\u00e9s. Il nous rappelle qu&rsquo;\u00e0 la messe, le vin consacr\u00e9 devenu sang du Christ, est le fruit du sacrifice du Christ, offert pour la multitude et la r\u00e9mission des p\u00e9ch\u00e9s.<\/p>\n","protected":false},"excerpt":{"rendered":"<p>A droite de l&rsquo;orgue, on retrouve une reproduction d&rsquo;un tableau du Christ en Croix. Les couleurs sombres du tableau nous &hellip; <\/p>\n","protected":false},"author":1,"featured_media":1471,"parent":0,"menu_order":0,"comment_status":"closed","ping_status":"closed","template":"","meta":{"footnotes":""},"class_list":["post-1468","page","type-page","status-publish","has-post-thumbnail","hentry"],"jetpack_sharing_enabled":true,"_links":{"self":[{"href":"https:\/\/louis.armentierois.fr\/index.php\/wp-json\/wp\/v2\/pages\/1468","targetHints":{"allow":["GET"]}}],"collection":[{"href":"https:\/\/louis.armentierois.fr\/index.php\/wp-json\/wp\/v2\/pages"}],"about":[{"href":"https:\/\/louis.armentierois.fr\/index.php\/wp-json\/wp\/v2\/types\/page"}],"author":[{"embeddable":true,"href":"https:\/\/louis.armentierois.fr\/index.php\/wp-json\/wp\/v2\/users\/1"}],"replies":[{"embeddable":true,"href":"https:\/\/louis.armentierois.fr\/index.php\/wp-json\/wp\/v2\/comments?post=1468"}],"version-history":[{"count":7,"href":"https:\/\/louis.armentierois.fr\/index.php\/wp-json\/wp\/v2\/pages\/1468\/revisions"}],"predecessor-version":[{"id":1492,"href":"https:\/\/louis.armentierois.fr\/index.php\/wp-json\/wp\/v2\/pages\/1468\/revisions\/1492"}],"wp:featuredmedia":[{"embeddable":true,"href":"https:\/\/louis.armentierois.fr\/index.php\/wp-json\/wp\/v2\/media\/1471"}],"wp:attachment":[{"href":"https:\/\/louis.armentierois.fr\/index.php\/wp-json\/wp\/v2\/media?parent=1468"}],"curies":[{"name":"wp","href":"https:\/\/api.w.org\/{rel}","templated":true}]}}