{"id":1350,"date":"2023-08-28T15:52:41","date_gmt":"2023-08-28T13:52:41","guid":{"rendered":"https:\/\/louis.armentierois.fr\/?page_id=1350"},"modified":"2023-08-29T22:47:07","modified_gmt":"2023-08-29T20:47:07","slug":"autel-dedie-a-lenfant-jesus-de-prague","status":"publish","type":"page","link":"https:\/\/louis.armentierois.fr\/index.php\/autel-dedie-a-lenfant-jesus-de-prague\/","title":{"rendered":"Autel d\u00e9di\u00e9 \u00e0 l&rsquo;enfant J\u00e9sus de Prague"},"content":{"rendered":"\n<figure class=\"wp-block-image size-large\"><img loading=\"lazy\" decoding=\"async\" width=\"640\" height=\"480\" src=\"https:\/\/i0.wp.com\/louis.armentierois.fr\/wp-content\/uploads\/2023\/08\/205e7eb2-ae81-4945-89ca-10e344b3fd69-18989-00000c57bcbe9a24_file.jpg?resize=640%2C480&#038;ssl=1\" alt=\"\" class=\"wp-image-1397\" srcset=\"https:\/\/i0.wp.com\/louis.armentierois.fr\/wp-content\/uploads\/2023\/08\/205e7eb2-ae81-4945-89ca-10e344b3fd69-18989-00000c57bcbe9a24_file-scaled.jpg?resize=1024%2C768&amp;ssl=1 1024w, https:\/\/i0.wp.com\/louis.armentierois.fr\/wp-content\/uploads\/2023\/08\/205e7eb2-ae81-4945-89ca-10e344b3fd69-18989-00000c57bcbe9a24_file-scaled.jpg?resize=300%2C225&amp;ssl=1 300w, https:\/\/i0.wp.com\/louis.armentierois.fr\/wp-content\/uploads\/2023\/08\/205e7eb2-ae81-4945-89ca-10e344b3fd69-18989-00000c57bcbe9a24_file-scaled.jpg?resize=768%2C576&amp;ssl=1 768w, https:\/\/i0.wp.com\/louis.armentierois.fr\/wp-content\/uploads\/2023\/08\/205e7eb2-ae81-4945-89ca-10e344b3fd69-18989-00000c57bcbe9a24_file-scaled.jpg?resize=1536%2C1152&amp;ssl=1 1536w, https:\/\/i0.wp.com\/louis.armentierois.fr\/wp-content\/uploads\/2023\/08\/205e7eb2-ae81-4945-89ca-10e344b3fd69-18989-00000c57bcbe9a24_file-scaled.jpg?resize=2048%2C1536&amp;ssl=1 2048w, https:\/\/i0.wp.com\/louis.armentierois.fr\/wp-content\/uploads\/2023\/08\/205e7eb2-ae81-4945-89ca-10e344b3fd69-18989-00000c57bcbe9a24_file-scaled.jpg?w=1280&amp;ssl=1 1280w, https:\/\/i0.wp.com\/louis.armentierois.fr\/wp-content\/uploads\/2023\/08\/205e7eb2-ae81-4945-89ca-10e344b3fd69-18989-00000c57bcbe9a24_file-scaled.jpg?w=1920&amp;ssl=1 1920w\" sizes=\"auto, (max-width: 640px) 100vw, 640px\" data-recalc-dims=\"1\" \/><figcaption class=\"wp-element-caption\">Autel d\u00e9di\u00e9 \u00e0 l\u2019enfant J\u00e9sus de Prague <\/figcaption><\/figure>\n\n\n\n<p>Cet autel est vraisemblablement l\u2019ancien ma\u00eetre autel sur lequel \u00e9tait c\u00e9l\u00e9br\u00e9 la sainte messe avant le concile Vatican II, il devait \u00eatre positionn\u00e9 dans le ch\u0153ur de l\u2019\u00e9glise. En effet, avant d\u2019y voir reposer l\u2019enfant J\u00e9sus de Prague, il \u00e9tait d\u00e9di\u00e9 \u00e0 Saint Louis, patron de l\u2019\u00e9glise. La sculpture SL dans le soubassement de l\u2019autel est un pr\u00e9cieux indice qui nous le rappelle.<\/p>\n\n\n\n<figure class=\"wp-block-image size-large\"><img loading=\"lazy\" decoding=\"async\" width=\"640\" height=\"853\" src=\"https:\/\/i0.wp.com\/louis.armentierois.fr\/wp-content\/uploads\/2023\/08\/img_2317.jpg?resize=640%2C853&#038;ssl=1\" alt=\"\" class=\"wp-image-1437\" srcset=\"https:\/\/i0.wp.com\/louis.armentierois.fr\/wp-content\/uploads\/2023\/08\/img_2317-scaled.jpg?resize=768%2C1024&amp;ssl=1 768w, https:\/\/i0.wp.com\/louis.armentierois.fr\/wp-content\/uploads\/2023\/08\/img_2317-scaled.jpg?resize=225%2C300&amp;ssl=1 225w, https:\/\/i0.wp.com\/louis.armentierois.fr\/wp-content\/uploads\/2023\/08\/img_2317-scaled.jpg?resize=1152%2C1536&amp;ssl=1 1152w, https:\/\/i0.wp.com\/louis.armentierois.fr\/wp-content\/uploads\/2023\/08\/img_2317-scaled.jpg?resize=1536%2C2048&amp;ssl=1 1536w, https:\/\/i0.wp.com\/louis.armentierois.fr\/wp-content\/uploads\/2023\/08\/img_2317-scaled.jpg?w=1920&amp;ssl=1 1920w, https:\/\/i0.wp.com\/louis.armentierois.fr\/wp-content\/uploads\/2023\/08\/img_2317-scaled.jpg?w=1280&amp;ssl=1 1280w\" sizes=\"auto, (max-width: 640px) 100vw, 640px\" data-recalc-dims=\"1\" \/><\/figure>\n","protected":false},"excerpt":{"rendered":"<p>Cet autel est vraisemblablement l\u2019ancien ma\u00eetre autel sur lequel \u00e9tait c\u00e9l\u00e9br\u00e9 la sainte messe avant le concile Vatican II, il &hellip; <\/p>\n","protected":false},"author":1,"featured_media":1397,"parent":0,"menu_order":0,"comment_status":"closed","ping_status":"closed","template":"","meta":{"footnotes":""},"class_list":["post-1350","page","type-page","status-publish","has-post-thumbnail","hentry"],"jetpack_sharing_enabled":true,"_links":{"self":[{"href":"https:\/\/louis.armentierois.fr\/index.php\/wp-json\/wp\/v2\/pages\/1350","targetHints":{"allow":["GET"]}}],"collection":[{"href":"https:\/\/louis.armentierois.fr\/index.php\/wp-json\/wp\/v2\/pages"}],"about":[{"href":"https:\/\/louis.armentierois.fr\/index.php\/wp-json\/wp\/v2\/types\/page"}],"author":[{"embeddable":true,"href":"https:\/\/louis.armentierois.fr\/index.php\/wp-json\/wp\/v2\/users\/1"}],"replies":[{"embeddable":true,"href":"https:\/\/louis.armentierois.fr\/index.php\/wp-json\/wp\/v2\/comments?post=1350"}],"version-history":[{"count":8,"href":"https:\/\/louis.armentierois.fr\/index.php\/wp-json\/wp\/v2\/pages\/1350\/revisions"}],"predecessor-version":[{"id":1439,"href":"https:\/\/louis.armentierois.fr\/index.php\/wp-json\/wp\/v2\/pages\/1350\/revisions\/1439"}],"wp:featuredmedia":[{"embeddable":true,"href":"https:\/\/louis.armentierois.fr\/index.php\/wp-json\/wp\/v2\/media\/1397"}],"wp:attachment":[{"href":"https:\/\/louis.armentierois.fr\/index.php\/wp-json\/wp\/v2\/media?parent=1350"}],"curies":[{"name":"wp","href":"https:\/\/api.w.org\/{rel}","templated":true}]}}