{"id":135,"date":"2023-07-16T17:48:47","date_gmt":"2023-07-16T15:48:47","guid":{"rendered":"http:\/\/www.nds.armentierois.fr\/?page_id=135"},"modified":"2023-08-11T21:56:45","modified_gmt":"2023-08-11T19:56:45","slug":"les-vitraux","status":"publish","type":"page","link":"https:\/\/louis.armentierois.fr\/index.php\/les-vitraux\/","title":{"rendered":"Les vitraux"},"content":{"rendered":"\n<p>Les vitraux de l\u2019\u00e9glise ont \u00e9t\u00e9 restaur\u00e9s en 2020 par la soci\u00e9t\u00e9 Invitraux , ex ateliers Cagnart, Amiens<\/p>\n\n\n\n<p><\/p>\n\n\n\n<p><\/p>\n","protected":false},"excerpt":{"rendered":"<p>Les vitraux de l\u2019\u00e9glise ont \u00e9t\u00e9 restaur\u00e9s en 2020 par la soci\u00e9t\u00e9 Invitraux , ex ateliers Cagnart, Amiens<\/p>\n","protected":false},"author":1,"featured_media":0,"parent":0,"menu_order":0,"comment_status":"closed","ping_status":"closed","template":"","meta":{"footnotes":""},"class_list":["post-135","page","type-page","status-publish","hentry"],"jetpack_sharing_enabled":true,"_links":{"self":[{"href":"https:\/\/louis.armentierois.fr\/index.php\/wp-json\/wp\/v2\/pages\/135","targetHints":{"allow":["GET"]}}],"collection":[{"href":"https:\/\/louis.armentierois.fr\/index.php\/wp-json\/wp\/v2\/pages"}],"about":[{"href":"https:\/\/louis.armentierois.fr\/index.php\/wp-json\/wp\/v2\/types\/page"}],"author":[{"embeddable":true,"href":"https:\/\/louis.armentierois.fr\/index.php\/wp-json\/wp\/v2\/users\/1"}],"replies":[{"embeddable":true,"href":"https:\/\/louis.armentierois.fr\/index.php\/wp-json\/wp\/v2\/comments?post=135"}],"version-history":[{"count":2,"href":"https:\/\/louis.armentierois.fr\/index.php\/wp-json\/wp\/v2\/pages\/135\/revisions"}],"predecessor-version":[{"id":1101,"href":"https:\/\/louis.armentierois.fr\/index.php\/wp-json\/wp\/v2\/pages\/135\/revisions\/1101"}],"wp:attachment":[{"href":"https:\/\/louis.armentierois.fr\/index.php\/wp-json\/wp\/v2\/media?parent=135"}],"curies":[{"name":"wp","href":"https:\/\/api.w.org\/{rel}","templated":true}]}}