{"id":1344,"date":"2023-08-28T15:51:26","date_gmt":"2023-08-28T13:51:26","guid":{"rendered":"https:\/\/louis.armentierois.fr\/?page_id=1344"},"modified":"2023-08-29T19:42:14","modified_gmt":"2023-08-29T17:42:14","slug":"autel-dedie-a-sainte-therese","status":"publish","type":"page","link":"https:\/\/louis.armentierois.fr\/index.php\/autel-dedie-a-sainte-therese\/","title":{"rendered":"Autel d\u00e9di\u00e9 \u00e0 Sainte Th\u00e9r\u00e8se"},"content":{"rendered":"\n<p>La conjonction de la canonisation de Th\u00e9r\u00e8se Martin en 1925 et de la reconstruction de l&rsquo;\u00e9glise, ont donn\u00e9 lieu \u00e0 l&rsquo;installation d&rsquo;un Autel d\u00e9di\u00e9 \u00e0 Sainte Th\u00e9r\u00e8se de l&rsquo;Enfant J\u00e9sus et de la Sainte Face. Ce dernier a \u00e9t\u00e9 construit \u00e0 la crois\u00e9e de l&rsquo;\u00e9glise dans le faux transept ouest. De nombreuses gr\u00e2ces de gu\u00e9rison ont \u00e9t\u00e9 obtenues \u00e0 la pri\u00e8re d&rsquo;intercession de Sainte-Th\u00e9r\u00e8se de Lisieux.<\/p>\n\n\n\n<figure class=\"wp-block-image size-large\"><img loading=\"lazy\" decoding=\"async\" width=\"640\" height=\"853\" src=\"https:\/\/i0.wp.com\/louis.armentierois.fr\/wp-content\/uploads\/2023\/08\/7b24d1c0-8ed9-42a2-9231-0a83f53cb860-18989-00000c55c3af16b7_file.jpg?resize=640%2C853&#038;ssl=1\" alt=\"\" class=\"wp-image-1387\" srcset=\"https:\/\/i0.wp.com\/louis.armentierois.fr\/wp-content\/uploads\/2023\/08\/7b24d1c0-8ed9-42a2-9231-0a83f53cb860-18989-00000c55c3af16b7_file-scaled.jpg?resize=768%2C1024&amp;ssl=1 768w, https:\/\/i0.wp.com\/louis.armentierois.fr\/wp-content\/uploads\/2023\/08\/7b24d1c0-8ed9-42a2-9231-0a83f53cb860-18989-00000c55c3af16b7_file-scaled.jpg?resize=225%2C300&amp;ssl=1 225w, https:\/\/i0.wp.com\/louis.armentierois.fr\/wp-content\/uploads\/2023\/08\/7b24d1c0-8ed9-42a2-9231-0a83f53cb860-18989-00000c55c3af16b7_file-scaled.jpg?resize=1152%2C1536&amp;ssl=1 1152w, https:\/\/i0.wp.com\/louis.armentierois.fr\/wp-content\/uploads\/2023\/08\/7b24d1c0-8ed9-42a2-9231-0a83f53cb860-18989-00000c55c3af16b7_file-scaled.jpg?resize=1536%2C2048&amp;ssl=1 1536w, https:\/\/i0.wp.com\/louis.armentierois.fr\/wp-content\/uploads\/2023\/08\/7b24d1c0-8ed9-42a2-9231-0a83f53cb860-18989-00000c55c3af16b7_file-scaled.jpg?w=1920&amp;ssl=1 1920w, https:\/\/i0.wp.com\/louis.armentierois.fr\/wp-content\/uploads\/2023\/08\/7b24d1c0-8ed9-42a2-9231-0a83f53cb860-18989-00000c55c3af16b7_file-scaled.jpg?w=1280&amp;ssl=1 1280w\" sizes=\"auto, (max-width: 640px) 100vw, 640px\" data-recalc-dims=\"1\" \/><figcaption class=\"wp-element-caption\">L\u2019autel \u00e0 Sainte Th\u00e9r\u00e8se <\/figcaption><\/figure>\n\n\n\n<p>Sous l\u2019autel, on peut apercevoir une sculpture d\u2019un p\u00e9lican donnant sa chair \u00e0 manger \u00e0 ses prog\u00e9nitures. C\u2019est le symbole du Christ qui se donne en nourriture pour chacun de nous.<\/p>\n\n\n\n<figure class=\"wp-block-image size-large\"><img loading=\"lazy\" decoding=\"async\" width=\"640\" height=\"480\" src=\"https:\/\/i0.wp.com\/louis.armentierois.fr\/wp-content\/uploads\/2023\/08\/0dc03e84-a97d-4c9d-bd0c-98e287285c8e-18989-00000c563790ae42_file.jpg?resize=640%2C480&#038;ssl=1\" alt=\"\" class=\"wp-image-1389\" srcset=\"https:\/\/i0.wp.com\/louis.armentierois.fr\/wp-content\/uploads\/2023\/08\/0dc03e84-a97d-4c9d-bd0c-98e287285c8e-18989-00000c563790ae42_file-scaled.jpg?resize=1024%2C768&amp;ssl=1 1024w, https:\/\/i0.wp.com\/louis.armentierois.fr\/wp-content\/uploads\/2023\/08\/0dc03e84-a97d-4c9d-bd0c-98e287285c8e-18989-00000c563790ae42_file-scaled.jpg?resize=300%2C225&amp;ssl=1 300w, https:\/\/i0.wp.com\/louis.armentierois.fr\/wp-content\/uploads\/2023\/08\/0dc03e84-a97d-4c9d-bd0c-98e287285c8e-18989-00000c563790ae42_file-scaled.jpg?resize=768%2C576&amp;ssl=1 768w, https:\/\/i0.wp.com\/louis.armentierois.fr\/wp-content\/uploads\/2023\/08\/0dc03e84-a97d-4c9d-bd0c-98e287285c8e-18989-00000c563790ae42_file-scaled.jpg?resize=1536%2C1152&amp;ssl=1 1536w, https:\/\/i0.wp.com\/louis.armentierois.fr\/wp-content\/uploads\/2023\/08\/0dc03e84-a97d-4c9d-bd0c-98e287285c8e-18989-00000c563790ae42_file-scaled.jpg?resize=2048%2C1536&amp;ssl=1 2048w, https:\/\/i0.wp.com\/louis.armentierois.fr\/wp-content\/uploads\/2023\/08\/0dc03e84-a97d-4c9d-bd0c-98e287285c8e-18989-00000c563790ae42_file-scaled.jpg?w=1280&amp;ssl=1 1280w, https:\/\/i0.wp.com\/louis.armentierois.fr\/wp-content\/uploads\/2023\/08\/0dc03e84-a97d-4c9d-bd0c-98e287285c8e-18989-00000c563790ae42_file-scaled.jpg?w=1920&amp;ssl=1 1920w\" sizes=\"auto, (max-width: 640px) 100vw, 640px\" data-recalc-dims=\"1\" \/><figcaption class=\"wp-element-caption\">D\u00e9tail de l\u2019autel <\/figcaption><\/figure>\n","protected":false},"excerpt":{"rendered":"<p>La conjonction de la canonisation de Th\u00e9r\u00e8se Martin en 1925 et de la reconstruction de l&rsquo;\u00e9glise, ont donn\u00e9 lieu \u00e0 &hellip; <\/p>\n","protected":false},"author":1,"featured_media":1387,"parent":0,"menu_order":0,"comment_status":"closed","ping_status":"closed","template":"","meta":{"footnotes":""},"class_list":["post-1344","page","type-page","status-publish","has-post-thumbnail","hentry"],"jetpack_sharing_enabled":true,"_links":{"self":[{"href":"https:\/\/louis.armentierois.fr\/index.php\/wp-json\/wp\/v2\/pages\/1344","targetHints":{"allow":["GET"]}}],"collection":[{"href":"https:\/\/louis.armentierois.fr\/index.php\/wp-json\/wp\/v2\/pages"}],"about":[{"href":"https:\/\/louis.armentierois.fr\/index.php\/wp-json\/wp\/v2\/types\/page"}],"author":[{"embeddable":true,"href":"https:\/\/louis.armentierois.fr\/index.php\/wp-json\/wp\/v2\/users\/1"}],"replies":[{"embeddable":true,"href":"https:\/\/louis.armentierois.fr\/index.php\/wp-json\/wp\/v2\/comments?post=1344"}],"version-history":[{"count":8,"href":"https:\/\/louis.armentierois.fr\/index.php\/wp-json\/wp\/v2\/pages\/1344\/revisions"}],"predecessor-version":[{"id":1391,"href":"https:\/\/louis.armentierois.fr\/index.php\/wp-json\/wp\/v2\/pages\/1344\/revisions\/1391"}],"wp:featuredmedia":[{"embeddable":true,"href":"https:\/\/louis.armentierois.fr\/index.php\/wp-json\/wp\/v2\/media\/1387"}],"wp:attachment":[{"href":"https:\/\/louis.armentierois.fr\/index.php\/wp-json\/wp\/v2\/media?parent=1344"}],"curies":[{"name":"wp","href":"https:\/\/api.w.org\/{rel}","templated":true}]}}