{"id":1333,"date":"2023-08-28T15:39:25","date_gmt":"2023-08-28T13:39:25","guid":{"rendered":"https:\/\/louis.armentierois.fr\/?page_id=1333"},"modified":"2023-09-01T14:31:53","modified_gmt":"2023-09-01T12:31:53","slug":"autel-dedie-a-notre-dame-de-lourdes","status":"publish","type":"page","link":"https:\/\/louis.armentierois.fr\/index.php\/autel-dedie-a-notre-dame-de-lourdes\/","title":{"rendered":"Autel d\u00e9di\u00e9 \u00e0 Notre Dame de Lourdes"},"content":{"rendered":"\n<p>L&rsquo;autel d\u00e9di\u00e9 \u00e0 Notre Dame de Lourdes se situe \u00e0 la gauche du ch\u0153ur. En fait, on a en quelque sorte dans le ch\u0153ur de l&rsquo;\u00e9glise Saint Louis, la sainte famille : La bienheureuse Vierge Marie \u00e0 gauche, J\u00e9sus avec le St-Sacrement au centre du ch\u0153ur, St-Joseph \u00e0 la droite du ch\u0153ur.<\/p>\n\n\n\n<figure class=\"wp-block-image size-large\"><img loading=\"lazy\" decoding=\"async\" width=\"640\" height=\"853\" src=\"https:\/\/i0.wp.com\/louis.armentierois.fr\/wp-content\/uploads\/2023\/08\/5a82121b-83b6-4245-ac39-8aa227b2a73b-18989-00000c5238e4173d_file.jpg?resize=640%2C853&#038;ssl=1\" alt=\"\" class=\"wp-image-1378\" srcset=\"https:\/\/i0.wp.com\/louis.armentierois.fr\/wp-content\/uploads\/2023\/08\/5a82121b-83b6-4245-ac39-8aa227b2a73b-18989-00000c5238e4173d_file-scaled.jpg?resize=768%2C1024&amp;ssl=1 768w, https:\/\/i0.wp.com\/louis.armentierois.fr\/wp-content\/uploads\/2023\/08\/5a82121b-83b6-4245-ac39-8aa227b2a73b-18989-00000c5238e4173d_file-scaled.jpg?resize=225%2C300&amp;ssl=1 225w, https:\/\/i0.wp.com\/louis.armentierois.fr\/wp-content\/uploads\/2023\/08\/5a82121b-83b6-4245-ac39-8aa227b2a73b-18989-00000c5238e4173d_file-scaled.jpg?resize=1152%2C1536&amp;ssl=1 1152w, https:\/\/i0.wp.com\/louis.armentierois.fr\/wp-content\/uploads\/2023\/08\/5a82121b-83b6-4245-ac39-8aa227b2a73b-18989-00000c5238e4173d_file-scaled.jpg?resize=1536%2C2048&amp;ssl=1 1536w, https:\/\/i0.wp.com\/louis.armentierois.fr\/wp-content\/uploads\/2023\/08\/5a82121b-83b6-4245-ac39-8aa227b2a73b-18989-00000c5238e4173d_file-scaled.jpg?w=1920&amp;ssl=1 1920w, https:\/\/i0.wp.com\/louis.armentierois.fr\/wp-content\/uploads\/2023\/08\/5a82121b-83b6-4245-ac39-8aa227b2a73b-18989-00000c5238e4173d_file-scaled.jpg?w=1280&amp;ssl=1 1280w\" sizes=\"auto, (max-width: 640px) 100vw, 640px\" data-recalc-dims=\"1\" \/><figcaption class=\"wp-element-caption\">L\u2019autel d\u00e9di\u00e9 \u00e0 Notre-Dame de Lourdes<\/figcaption><\/figure>\n\n\n\n<p>Sainte Bernadette Soubirous accompagne cet autel, elle est repr\u00e9sent\u00e9e en pri\u00e8re face \u00e0 Notre Dame de Lourdes comme \u00e0 la grotte de Massabielle.<\/p>\n\n\n\n<p>Une statue repr\u00e9sentant Notre-Dame de Lourdes est pos\u00e9e au dessus de l&rsquo;autel. Le bras pass\u00e9 dans un long chapelet, Marie ressemble \u00e0 la description qu&rsquo;a faite d&rsquo;elle Bernadette Soubirous : \u00ab\u00a0J\u2019ai aper\u00e7u une dame v\u00eatue de blanc, racontait-elle. Elle portait une robe blanche, un voile blanc \u00e9galement, une ceinture bleue, et une rose jaune sur chaque pied\u00a0\u00bb.<\/p>\n\n\n\n<p>Le sculpteur n&rsquo;a pas pu r\u00e9sister \u00e0 la tentation d&rsquo;ajouter une touche somptueuse aux v\u00eatements de Notre-Dame de Lourdes en les parant d&rsquo;or. Les mains jointes en signe de pri\u00e8re, dans la m\u00eame pose que la statue cr\u00e9\u00e9e par Fabisch pour la grotte de Lourdes, Marie a les yeux lev\u00e9s vers le ciel et invite les fid\u00e8les \u00e0 prier.<\/p>\n\n\n\n<figure class=\"wp-block-image size-large\"><img loading=\"lazy\" decoding=\"async\" width=\"640\" height=\"480\" src=\"https:\/\/i0.wp.com\/louis.armentierois.fr\/wp-content\/uploads\/2023\/08\/3f79fcc0-d063-496d-a04d-e96b2a4ec5a2-18989-00000c52d0fc75d8_file.jpg?resize=640%2C480&#038;ssl=1\" alt=\"\" class=\"wp-image-1381\" srcset=\"https:\/\/i0.wp.com\/louis.armentierois.fr\/wp-content\/uploads\/2023\/08\/3f79fcc0-d063-496d-a04d-e96b2a4ec5a2-18989-00000c52d0fc75d8_file-scaled.jpg?resize=1024%2C768&amp;ssl=1 1024w, https:\/\/i0.wp.com\/louis.armentierois.fr\/wp-content\/uploads\/2023\/08\/3f79fcc0-d063-496d-a04d-e96b2a4ec5a2-18989-00000c52d0fc75d8_file-scaled.jpg?resize=300%2C225&amp;ssl=1 300w, https:\/\/i0.wp.com\/louis.armentierois.fr\/wp-content\/uploads\/2023\/08\/3f79fcc0-d063-496d-a04d-e96b2a4ec5a2-18989-00000c52d0fc75d8_file-scaled.jpg?resize=768%2C576&amp;ssl=1 768w, https:\/\/i0.wp.com\/louis.armentierois.fr\/wp-content\/uploads\/2023\/08\/3f79fcc0-d063-496d-a04d-e96b2a4ec5a2-18989-00000c52d0fc75d8_file-scaled.jpg?resize=1536%2C1152&amp;ssl=1 1536w, https:\/\/i0.wp.com\/louis.armentierois.fr\/wp-content\/uploads\/2023\/08\/3f79fcc0-d063-496d-a04d-e96b2a4ec5a2-18989-00000c52d0fc75d8_file-scaled.jpg?resize=2048%2C1536&amp;ssl=1 2048w, https:\/\/i0.wp.com\/louis.armentierois.fr\/wp-content\/uploads\/2023\/08\/3f79fcc0-d063-496d-a04d-e96b2a4ec5a2-18989-00000c52d0fc75d8_file-scaled.jpg?w=1280&amp;ssl=1 1280w, https:\/\/i0.wp.com\/louis.armentierois.fr\/wp-content\/uploads\/2023\/08\/3f79fcc0-d063-496d-a04d-e96b2a4ec5a2-18989-00000c52d0fc75d8_file-scaled.jpg?w=1920&amp;ssl=1 1920w\" sizes=\"auto, (max-width: 640px) 100vw, 640px\" data-recalc-dims=\"1\" \/><figcaption class=\"wp-element-caption\">D\u00e9tail de l\u2019autel d\u00e9di\u00e9 \u00e0 Notre Dame de Lourdes <\/figcaption><\/figure>\n\n\n\n<p>On peut voir sur cet Autel une sculpture du c\u0153ur de Marie travers\u00e9 par un glaive qui fait r\u00e9f\u00e9rence \u00e0 la pr\u00e9diction de proph\u00e8te Sym\u00e9on faite \u00e0 la Vierge Marie :  \u00ab Sym\u00e9on les b\u00e9nit, puis il dit \u00e0 Marie sa m\u00e8re : \u00ab Voici que cet enfant provoquera la chute et le rel\u00e8vement de beaucoup en Isra\u00ebl. Il sera un signe de contradiction et toi, ton \u00e2me sera travers\u00e9e d\u2019un glaive \u2013 : ainsi seront d\u00e9voil\u00e9es les pens\u00e9es qui viennent du c\u0153ur d\u2019un grand nombre. \u00bb Luc 2,34-35<\/p>\n\n\n\n<p><\/p>\n","protected":false},"excerpt":{"rendered":"<p>L&rsquo;autel d\u00e9di\u00e9 \u00e0 Notre Dame de Lourdes se situe \u00e0 la gauche du ch\u0153ur. En fait, on a en quelque &hellip; <\/p>\n","protected":false},"author":1,"featured_media":1378,"parent":0,"menu_order":0,"comment_status":"closed","ping_status":"closed","template":"","meta":{"footnotes":""},"class_list":["post-1333","page","type-page","status-publish","has-post-thumbnail","hentry"],"jetpack_sharing_enabled":true,"_links":{"self":[{"href":"https:\/\/louis.armentierois.fr\/index.php\/wp-json\/wp\/v2\/pages\/1333","targetHints":{"allow":["GET"]}}],"collection":[{"href":"https:\/\/louis.armentierois.fr\/index.php\/wp-json\/wp\/v2\/pages"}],"about":[{"href":"https:\/\/louis.armentierois.fr\/index.php\/wp-json\/wp\/v2\/types\/page"}],"author":[{"embeddable":true,"href":"https:\/\/louis.armentierois.fr\/index.php\/wp-json\/wp\/v2\/users\/1"}],"replies":[{"embeddable":true,"href":"https:\/\/louis.armentierois.fr\/index.php\/wp-json\/wp\/v2\/comments?post=1333"}],"version-history":[{"count":6,"href":"https:\/\/louis.armentierois.fr\/index.php\/wp-json\/wp\/v2\/pages\/1333\/revisions"}],"predecessor-version":[{"id":1487,"href":"https:\/\/louis.armentierois.fr\/index.php\/wp-json\/wp\/v2\/pages\/1333\/revisions\/1487"}],"wp:featuredmedia":[{"embeddable":true,"href":"https:\/\/louis.armentierois.fr\/index.php\/wp-json\/wp\/v2\/media\/1378"}],"wp:attachment":[{"href":"https:\/\/louis.armentierois.fr\/index.php\/wp-json\/wp\/v2\/media?parent=1333"}],"curies":[{"name":"wp","href":"https:\/\/api.w.org\/{rel}","templated":true}]}}