{"id":1315,"date":"2023-08-28T11:57:49","date_gmt":"2023-08-28T09:57:49","guid":{"rendered":"https:\/\/louis.armentierois.fr\/?page_id=1315"},"modified":"2023-08-28T11:57:49","modified_gmt":"2023-08-28T09:57:49","slug":"le-mobilier-de-leglise","status":"publish","type":"page","link":"https:\/\/louis.armentierois.fr\/index.php\/le-mobilier-de-leglise\/","title":{"rendered":"Le mobilier de l&rsquo;\u00e9glise"},"content":{"rendered":"\n<p>Dans l&rsquo;\u00e9glise St-Louis, on retrouve un mobilier commun \u00e0 de nombreuses \u00e9glises : les confessionnaux, les autels lat\u00e9raux, le b\u00e9nitier, le cierge pascal, le baptist\u00e8re &#8230;<\/p>\n","protected":false},"excerpt":{"rendered":"<p>Dans l&rsquo;\u00e9glise St-Louis, on retrouve un mobilier commun \u00e0 de nombreuses \u00e9glises : les confessionnaux, les autels lat\u00e9raux, le b\u00e9nitier, &hellip; <\/p>\n","protected":false},"author":1,"featured_media":0,"parent":0,"menu_order":0,"comment_status":"closed","ping_status":"closed","template":"","meta":{"footnotes":""},"class_list":["post-1315","page","type-page","status-publish","hentry"],"jetpack_sharing_enabled":true,"_links":{"self":[{"href":"https:\/\/louis.armentierois.fr\/index.php\/wp-json\/wp\/v2\/pages\/1315","targetHints":{"allow":["GET"]}}],"collection":[{"href":"https:\/\/louis.armentierois.fr\/index.php\/wp-json\/wp\/v2\/pages"}],"about":[{"href":"https:\/\/louis.armentierois.fr\/index.php\/wp-json\/wp\/v2\/types\/page"}],"author":[{"embeddable":true,"href":"https:\/\/louis.armentierois.fr\/index.php\/wp-json\/wp\/v2\/users\/1"}],"replies":[{"embeddable":true,"href":"https:\/\/louis.armentierois.fr\/index.php\/wp-json\/wp\/v2\/comments?post=1315"}],"version-history":[{"count":1,"href":"https:\/\/louis.armentierois.fr\/index.php\/wp-json\/wp\/v2\/pages\/1315\/revisions"}],"predecessor-version":[{"id":1317,"href":"https:\/\/louis.armentierois.fr\/index.php\/wp-json\/wp\/v2\/pages\/1315\/revisions\/1317"}],"wp:attachment":[{"href":"https:\/\/louis.armentierois.fr\/index.php\/wp-json\/wp\/v2\/media?parent=1315"}],"curies":[{"name":"wp","href":"https:\/\/api.w.org\/{rel}","templated":true}]}}