{"id":1259,"date":"2023-08-25T21:54:30","date_gmt":"2023-08-25T19:54:30","guid":{"rendered":"https:\/\/louis.armentierois.fr\/?page_id=1259"},"modified":"2023-08-28T11:00:46","modified_gmt":"2023-08-28T09:00:46","slug":"clovis","status":"publish","type":"page","link":"https:\/\/louis.armentierois.fr\/index.php\/clovis\/","title":{"rendered":"Sainte Clotilde"},"content":{"rendered":"\n<p>Originaire de Lyon, et&nbsp;future reine des Francs<strong>,<\/strong> Clotilde est toujours rest\u00e9e dans l\u2019ombre de son tr\u00e8s c\u00e9l\u00e8bre \u00e9poux,&nbsp;Clovis. Pourtant, elle est \u00e0 l&rsquo;origine de sa&nbsp;conversion&nbsp;et de la&nbsp;victoire de la bataille de Tolbiac. Cette femme&nbsp;discr\u00e8te&nbsp;et&nbsp;tr\u00e8s&nbsp;pieuse&nbsp;m\u00e9rite donc d\u2019\u00eatre&nbsp;mise en lumi\u00e8re.&nbsp;Sa&nbsp;patience, sa&nbsp;saintet\u00e9&nbsp;et son&nbsp;abn\u00e9gation&nbsp;sont des&nbsp;exemples&nbsp;\u00e0 suivre pour tout chr\u00e9tien.&nbsp;Sainte patronne&nbsp;de l\u2019aviation l\u00e9g\u00e8re de l\u2019arm\u00e9e de terre, Sainte Clotilde est&nbsp;f\u00eat\u00e9e&nbsp;le 4 juin.<\/p>\n\n\n\n<figure class=\"wp-block-image size-large\"><img decoding=\"async\" src=\"https:\/\/i0.wp.com\/louis.armentierois.fr\/wp-content\/uploads\/2023\/08\/img_2252-1.jpg?resize=640%2C853&#038;ssl=1\" alt=\"\" class=\"wp-image-1088\" data-recalc-dims=\"1\"\/><figcaption class=\"wp-element-caption\"><em>Vitrail repr\u00e9sentant sainte Clotilde en pri\u00e8re.<\/em><\/figcaption><\/figure>\n\n\n\n<p>Fille de Chilp\u00e9ric, roi des Burgondes, Clotilde est n\u00e9e vers 470. A cette \u00e9poque, l\u2019Europe enti\u00e8re subit de profonds bouleversements, notamment religieux et territoriaux. Elle fait face \u00e0 la mont\u00e9e d&rsquo;une h\u00e9r\u00e9sie<strong> <\/strong>l\u2019arianisme,&nbsp;reniant la divinit\u00e9 du Christ. Bien qu\u2019\u00e9lev\u00e9e dans la foi chr\u00e9tienne, elle est&nbsp;demand\u00e9e en mariage par un pa\u00efen, Clovis. Ce mariage avait \u00e9t\u00e9 arrang\u00e9 par le futur roi des Francs et l\u2019oncle de Clotilde,&nbsp;Gondebaud, qui avait fait assassiner les parents de cette derni\u00e8re. N\u2019ayant d\u2019autre choix que d\u2019accepter son sort, Clotilde fait venir avec elle des pr\u00eatres burgondes catholiques afin de ne pas \u00eatre isol\u00e9e dans sa foi. Bouleversant le mod\u00e8le matrimonial germanique,&nbsp;leur mariage pr\u00e9sente les caract\u00e9ristiques d\u2019un mariage chr\u00e9tien : indissolubilit\u00e9 et monogamie.&nbsp;\u00c9tonnamment cette union aurait \u00e9t\u00e9, finalement, un mariage&nbsp;d\u2019amour, plein de&nbsp;tendresse&nbsp;et de&nbsp;respect&nbsp;mutuel.&nbsp;<\/p>\n\n\n\n<p>Clotilde joua un&nbsp;r\u00f4le important dans la conversion de son mari, avec l\u2019aide de saint&nbsp;R\u00e9mi&nbsp;et de&nbsp;sainte Genevi\u00e8ve, la future&nbsp;sainte patronne de Paris. Le tournant majeur dans la conversion du roi des Francs a \u00e9t\u00e9 la bataille de Tolbiac, en 496. Face \u00e0 la mont\u00e9e en force des Alamans, Clovis invoqua ses dieux, mais constatant que rien n\u2019y changeait il demanda \u00e0 sa femme de prier son Dieu, lui promettant de se faire baptiser en cas de victoire :&nbsp;<em>\u00ab\u00a0<strong>\u00d4 dieu de Clotilde, donne-moi la victoire et je croirai en toi, je recevrai le bapt\u00eame\u00a0\u00bb.<\/strong>&nbsp;<\/em>Triomphant, il<strong>&nbsp;<\/strong>honora sa promesse le jour de No\u00ebl 496 \u00e0 Reims, par l\u2019\u00e9v\u00eaque Saint R\u00e9mi. Cet \u00e9v\u00e9nement&nbsp;marqua l\u2019entr\u00e9e du peuple des Francs dans la religion chr\u00e9tienne. Veuve \u00e0 quarante ans, voyant ses fils, violents, se d\u00e9chirer elle d\u00e9cida de&nbsp;se retirer de la Cour pour trouver du r\u00e9confort et la paix pr\u00e8s du tombeau de&nbsp;saint Martin de Tours.&nbsp;Elle consacra le reste de<strong>&nbsp;<\/strong>sa vie au Christ&nbsp;en demeurant dans&nbsp;le silence et la pri\u00e8re. Elle monta au ciel le 3 juin 545 et f\u00fbt enterr\u00e9e aux c\u00f4t\u00e9s de son \u00e9poux et de son amie, Sainte Genevi\u00e8ve.&nbsp;<\/p>\n\n\n\n<p class=\"has-medium-font-size\"><strong>Prier avec Sainte Clotilde<\/strong><\/p>\n\n\n\n<h3 class=\"wp-block-heading\" id=\"la-priere-pour-la-france-de-sainte-clotilde\">La pri\u00e8re pour la France de Sainte Clotilde<\/h3>\n\n\n\n<p><em>\u00ab Regarde avec bont\u00e9, Seigneur, le peuple de France ; Toi qui lui as fait le don de la foi sur les instances de sainte Clotilde, accorde-lui maintenant, par son intercession, un attachement sinc\u00e8re \u00e0 ton service. Par J\u00e9sus Christ, ton Fils, notre Seigneur. Amen \u00bb&nbsp;<\/em><\/p>\n\n\n\n<h3 class=\"wp-block-heading\" id=\"la-priere-de-sainte-clotilde-pour-apaiser-les-discordes\">La pri\u00e8re de Sainte Clotilde pour apaiser les discordes<\/h3>\n\n\n\n<p><em>\u00ab Mon Dieu, si vous jugez que ma pr\u00e9sence puisse servir pour adoucir l\u2019aigreur de ces esprits, je n\u2019aurai consid\u00e9ration ni de mon \u00e2me, ni de ma sant\u00e9, mais je me sacrifierai en ce voyage pour le public. Mais si je ne puis servir d\u2019autre chose que d\u2019un fardeau inutile, comme je me le persuade assez raisonnablement, je vous conjure, par votre bont\u00e9, de recevoir mes humbles pri\u00e8res de faire cesser cette discorde entre mes fils et me conserver dans la tranquillit\u00e9 de mon humble retraite. Ainsi soit-il. \u00bb&nbsp;<\/em><\/p>\n","protected":false},"excerpt":{"rendered":"<p>Originaire de Lyon, et&nbsp;future reine des Francs, Clotilde est toujours rest\u00e9e dans l\u2019ombre de son tr\u00e8s c\u00e9l\u00e8bre \u00e9poux,&nbsp;Clovis. Pourtant, elle &hellip; <\/p>\n","protected":false},"author":1,"featured_media":1088,"parent":0,"menu_order":0,"comment_status":"closed","ping_status":"closed","template":"","meta":{"footnotes":""},"class_list":["post-1259","page","type-page","status-publish","has-post-thumbnail","hentry"],"jetpack_sharing_enabled":true,"_links":{"self":[{"href":"https:\/\/louis.armentierois.fr\/index.php\/wp-json\/wp\/v2\/pages\/1259","targetHints":{"allow":["GET"]}}],"collection":[{"href":"https:\/\/louis.armentierois.fr\/index.php\/wp-json\/wp\/v2\/pages"}],"about":[{"href":"https:\/\/louis.armentierois.fr\/index.php\/wp-json\/wp\/v2\/types\/page"}],"author":[{"embeddable":true,"href":"https:\/\/louis.armentierois.fr\/index.php\/wp-json\/wp\/v2\/users\/1"}],"replies":[{"embeddable":true,"href":"https:\/\/louis.armentierois.fr\/index.php\/wp-json\/wp\/v2\/comments?post=1259"}],"version-history":[{"count":6,"href":"https:\/\/louis.armentierois.fr\/index.php\/wp-json\/wp\/v2\/pages\/1259\/revisions"}],"predecessor-version":[{"id":1292,"href":"https:\/\/louis.armentierois.fr\/index.php\/wp-json\/wp\/v2\/pages\/1259\/revisions\/1292"}],"wp:featuredmedia":[{"embeddable":true,"href":"https:\/\/louis.armentierois.fr\/index.php\/wp-json\/wp\/v2\/media\/1088"}],"wp:attachment":[{"href":"https:\/\/louis.armentierois.fr\/index.php\/wp-json\/wp\/v2\/media?parent=1259"}],"curies":[{"name":"wp","href":"https:\/\/api.w.org\/{rel}","templated":true}]}}