{"id":113,"date":"2023-07-16T17:13:29","date_gmt":"2023-07-16T15:13:29","guid":{"rendered":"http:\/\/www.nds.armentierois.fr\/?page_id=113"},"modified":"2023-09-01T14:45:16","modified_gmt":"2023-09-01T12:45:16","slug":"croix","status":"publish","type":"page","link":"https:\/\/louis.armentierois.fr\/index.php\/croix\/","title":{"rendered":"Croix"},"content":{"rendered":"\n<p>J\u00e9sus est mort sur la croix. Il n\u2019a pas fait semblant. Il ne subit pas la passion qu\u2019on lui inflige mais il y entre, apr\u00e8s agonie et pri\u00e8re, dans la confiance, celle de faire du don de sa vie une offrande pour notre Salut. Il accomplit non sa volont\u00e9 mais la volont\u00e9 du P\u00e8re. Il accepte de mourir pour nous. Il transforme pour nous la mort en un passage vers la vie. Il nous dit au c\u0153ur de sa passion \u00ab\u00a0Ma vie, nul ne la prend, c\u2019est moi qui la donne\u00a0\u00bb. Il donne sa vie par amour pour nous.<\/p>\n\n\n\n<p>La croix \u00e9tait l\u2019instrument de supplice sur lequel on attachait ou clouait les condamn\u00e9s \u00e0 mort. Pour les chr\u00e9tiens, la&nbsp;croix, en raison de la condamnation et de la mort de J\u00e9sus, devient le symbole du myst\u00e8re pascal et le signe de salut pour l\u2019humanit\u00e9. Elle r\u00e9v\u00e8le l\u2019amour infini de Dieu dans le don salvifique du Christ mort et ressuscit\u00e9. Elle nous rappelle notre bapt\u00eame par lequel nous devenons enfants de Dieu.<\/p>\n\n\n\n<figure class=\"wp-block-image size-large\"><img loading=\"lazy\" decoding=\"async\" width=\"640\" height=\"480\" src=\"https:\/\/i0.wp.com\/louis.armentierois.fr\/wp-content\/uploads\/2023\/08\/9aed2c28-a758-4aa9-8eb1-9ad2c2be34f4-19886-00000c5e234066db_file-1.jpg?resize=640%2C480&#038;ssl=1\" alt=\"\" class=\"wp-image-1441\" srcset=\"https:\/\/i0.wp.com\/louis.armentierois.fr\/wp-content\/uploads\/2023\/08\/9aed2c28-a758-4aa9-8eb1-9ad2c2be34f4-19886-00000c5e234066db_file-1-scaled.jpg?resize=1024%2C768&amp;ssl=1 1024w, https:\/\/i0.wp.com\/louis.armentierois.fr\/wp-content\/uploads\/2023\/08\/9aed2c28-a758-4aa9-8eb1-9ad2c2be34f4-19886-00000c5e234066db_file-1-scaled.jpg?resize=300%2C225&amp;ssl=1 300w, https:\/\/i0.wp.com\/louis.armentierois.fr\/wp-content\/uploads\/2023\/08\/9aed2c28-a758-4aa9-8eb1-9ad2c2be34f4-19886-00000c5e234066db_file-1-scaled.jpg?resize=768%2C576&amp;ssl=1 768w, https:\/\/i0.wp.com\/louis.armentierois.fr\/wp-content\/uploads\/2023\/08\/9aed2c28-a758-4aa9-8eb1-9ad2c2be34f4-19886-00000c5e234066db_file-1-scaled.jpg?resize=1536%2C1152&amp;ssl=1 1536w, https:\/\/i0.wp.com\/louis.armentierois.fr\/wp-content\/uploads\/2023\/08\/9aed2c28-a758-4aa9-8eb1-9ad2c2be34f4-19886-00000c5e234066db_file-1-scaled.jpg?resize=2048%2C1536&amp;ssl=1 2048w, https:\/\/i0.wp.com\/louis.armentierois.fr\/wp-content\/uploads\/2023\/08\/9aed2c28-a758-4aa9-8eb1-9ad2c2be34f4-19886-00000c5e234066db_file-1-scaled.jpg?w=1280&amp;ssl=1 1280w, https:\/\/i0.wp.com\/louis.armentierois.fr\/wp-content\/uploads\/2023\/08\/9aed2c28-a758-4aa9-8eb1-9ad2c2be34f4-19886-00000c5e234066db_file-1-scaled.jpg?w=1920&amp;ssl=1 1920w\" sizes=\"auto, (max-width: 640px) 100vw, 640px\" data-recalc-dims=\"1\" \/><\/figure>\n\n\n\n<p>Ici, la Croix de procession est attach\u00e9e \u00e0 l\u2019autel !<\/p>\n","protected":false},"excerpt":{"rendered":"<p>J\u00e9sus est mort sur la croix. Il n\u2019a pas fait semblant. Il ne subit pas la passion qu\u2019on lui inflige &hellip; <\/p>\n","protected":false},"author":1,"featured_media":1441,"parent":0,"menu_order":0,"comment_status":"closed","ping_status":"closed","template":"","meta":{"footnotes":""},"class_list":["post-113","page","type-page","status-publish","has-post-thumbnail","hentry"],"jetpack_sharing_enabled":true,"_links":{"self":[{"href":"https:\/\/louis.armentierois.fr\/index.php\/wp-json\/wp\/v2\/pages\/113","targetHints":{"allow":["GET"]}}],"collection":[{"href":"https:\/\/louis.armentierois.fr\/index.php\/wp-json\/wp\/v2\/pages"}],"about":[{"href":"https:\/\/louis.armentierois.fr\/index.php\/wp-json\/wp\/v2\/types\/page"}],"author":[{"embeddable":true,"href":"https:\/\/louis.armentierois.fr\/index.php\/wp-json\/wp\/v2\/users\/1"}],"replies":[{"embeddable":true,"href":"https:\/\/louis.armentierois.fr\/index.php\/wp-json\/wp\/v2\/comments?post=113"}],"version-history":[{"count":5,"href":"https:\/\/louis.armentierois.fr\/index.php\/wp-json\/wp\/v2\/pages\/113\/revisions"}],"predecessor-version":[{"id":1504,"href":"https:\/\/louis.armentierois.fr\/index.php\/wp-json\/wp\/v2\/pages\/113\/revisions\/1504"}],"wp:featuredmedia":[{"embeddable":true,"href":"https:\/\/louis.armentierois.fr\/index.php\/wp-json\/wp\/v2\/media\/1441"}],"wp:attachment":[{"href":"https:\/\/louis.armentierois.fr\/index.php\/wp-json\/wp\/v2\/media?parent=113"}],"curies":[{"name":"wp","href":"https:\/\/api.w.org\/{rel}","templated":true}]}}