{"id":110,"date":"2023-07-16T17:12:51","date_gmt":"2023-07-16T15:12:51","guid":{"rendered":"http:\/\/www.nds.armentierois.fr\/?page_id=110"},"modified":"2023-08-28T15:11:35","modified_gmt":"2023-08-28T13:11:35","slug":"st-sacrement","status":"publish","type":"page","link":"https:\/\/louis.armentierois.fr\/index.php\/st-sacrement\/","title":{"rendered":"St-Sacrement"},"content":{"rendered":"\n<p>Le Saint Sacrement est la pr\u00e9sence r\u00e9elle de notre Seigneur J\u00e9sus-Christ sous l&rsquo;apparence du pain de l&rsquo;hostie. Elle demeure pr\u00e9sente apr\u00e8s la c\u00e9l\u00e9bration de la messe, c&rsquo;est la raison pour laquelle les catholiques la conservent pr\u00e9cieusement dans un ciboire que l&rsquo;on retrouve dans le tabernacle (derri\u00e8re la porte ferm\u00e9e \u00e0 cl\u00e9 se trouve le tr\u00e9sor des chr\u00e9tiens : J\u00e9sus vivant sous une hostie !). Souvent une lumi\u00e8re rouge indique la pr\u00e9sence r\u00e9elle, elle nous dit que le tabernacle n&rsquo;est pas vide, que J\u00e9sus est bien pr\u00e9sent dans l&rsquo;Eglise.<\/p>\n\n\n\n<figure class=\"wp-block-image size-large\"><img decoding=\"async\" src=\"https:\/\/i0.wp.com\/louis.armentierois.fr\/wp-content\/uploads\/2023\/08\/img_2217-1.jpg?resize=640%2C853&#038;ssl=1\" alt=\"\" class=\"wp-image-1321\" data-recalc-dims=\"1\"\/><figcaption class=\"wp-element-caption\"><em>Le tabernacle de Saint Louis <\/em><\/figcaption><\/figure>\n","protected":false},"excerpt":{"rendered":"<p>Le Saint Sacrement est la pr\u00e9sence r\u00e9elle de notre Seigneur J\u00e9sus-Christ sous l&rsquo;apparence du pain de l&rsquo;hostie. Elle demeure pr\u00e9sente &hellip; <\/p>\n","protected":false},"author":1,"featured_media":1321,"parent":0,"menu_order":0,"comment_status":"closed","ping_status":"closed","template":"","meta":{"footnotes":""},"class_list":["post-110","page","type-page","status-publish","has-post-thumbnail","hentry"],"jetpack_sharing_enabled":true,"_links":{"self":[{"href":"https:\/\/louis.armentierois.fr\/index.php\/wp-json\/wp\/v2\/pages\/110","targetHints":{"allow":["GET"]}}],"collection":[{"href":"https:\/\/louis.armentierois.fr\/index.php\/wp-json\/wp\/v2\/pages"}],"about":[{"href":"https:\/\/louis.armentierois.fr\/index.php\/wp-json\/wp\/v2\/types\/page"}],"author":[{"embeddable":true,"href":"https:\/\/louis.armentierois.fr\/index.php\/wp-json\/wp\/v2\/users\/1"}],"replies":[{"embeddable":true,"href":"https:\/\/louis.armentierois.fr\/index.php\/wp-json\/wp\/v2\/comments?post=110"}],"version-history":[{"count":3,"href":"https:\/\/louis.armentierois.fr\/index.php\/wp-json\/wp\/v2\/pages\/110\/revisions"}],"predecessor-version":[{"id":1332,"href":"https:\/\/louis.armentierois.fr\/index.php\/wp-json\/wp\/v2\/pages\/110\/revisions\/1332"}],"wp:featuredmedia":[{"embeddable":true,"href":"https:\/\/louis.armentierois.fr\/index.php\/wp-json\/wp\/v2\/media\/1321"}],"wp:attachment":[{"href":"https:\/\/louis.armentierois.fr\/index.php\/wp-json\/wp\/v2\/media?parent=110"}],"curies":[{"name":"wp","href":"https:\/\/api.w.org\/{rel}","templated":true}]}}