{"id":1037,"date":"2023-08-11T17:52:37","date_gmt":"2023-08-11T15:52:37","guid":{"rendered":"https:\/\/louis.armentierois.fr\/?page_id=1037"},"modified":"2023-09-01T14:39:09","modified_gmt":"2023-09-01T12:39:09","slug":"andre","status":"publish","type":"page","link":"https:\/\/louis.armentierois.fr\/index.php\/andre\/","title":{"rendered":"Andr\u00e9"},"content":{"rendered":"\n<figure class=\"wp-block-image size-large\"><img loading=\"lazy\" decoding=\"async\" width=\"640\" height=\"853\" src=\"https:\/\/i0.wp.com\/louis.armentierois.fr\/wp-content\/uploads\/2023\/08\/img_2237.jpg?resize=640%2C853&#038;ssl=1\" alt=\"\" class=\"wp-image-1041\" srcset=\"https:\/\/i0.wp.com\/louis.armentierois.fr\/wp-content\/uploads\/2023\/08\/img_2237-scaled.jpg?resize=768%2C1024&amp;ssl=1 768w, https:\/\/i0.wp.com\/louis.armentierois.fr\/wp-content\/uploads\/2023\/08\/img_2237-scaled.jpg?resize=225%2C300&amp;ssl=1 225w, https:\/\/i0.wp.com\/louis.armentierois.fr\/wp-content\/uploads\/2023\/08\/img_2237-scaled.jpg?resize=1152%2C1536&amp;ssl=1 1152w, https:\/\/i0.wp.com\/louis.armentierois.fr\/wp-content\/uploads\/2023\/08\/img_2237-scaled.jpg?resize=1536%2C2048&amp;ssl=1 1536w, https:\/\/i0.wp.com\/louis.armentierois.fr\/wp-content\/uploads\/2023\/08\/img_2237-scaled.jpg?w=1920&amp;ssl=1 1920w, https:\/\/i0.wp.com\/louis.armentierois.fr\/wp-content\/uploads\/2023\/08\/img_2237-scaled.jpg?w=1280&amp;ssl=1 1280w\" sizes=\"auto, (max-width: 640px) 100vw, 640px\" data-recalc-dims=\"1\" \/><figcaption class=\"wp-element-caption\">Saint Andr\u00e9 repr\u00e9sent\u00e9 avec la croix qui le caract\u00e9rise.<\/figcaption><\/figure>\n\n\n\n<p><strong>Andr\u00e9<\/strong>, fr\u00e8re de&nbsp;Simon-Pierre, est n\u00e9 \u00e0 Bethsa\u00efde, en Galil\u00e9e et est un des&nbsp;<strong>premiers disciples<\/strong>&nbsp;du Christ. Il \u00e9tait d\u00e9j\u00e0 le disciple de&nbsp;saint Jean le Baptiste. Lorsque ce dernier lui pr\u00e9senta le&nbsp;<strong>Sauveur<\/strong>, il&nbsp;<strong>crut<\/strong>&nbsp;et&nbsp;<strong>marcha<\/strong>&nbsp;\u00e0 sa suite. Il permit \u00e0 de nombreuses personnes de rencontrer J\u00e9sus. Saint Andr\u00e9 est un&nbsp;<strong>exemple<\/strong>&nbsp;de&nbsp;<strong>confiance<\/strong>&nbsp;et de&nbsp;saintet\u00e9&nbsp;pour tous les chr\u00e9tiens.&nbsp;Il est f\u00eat\u00e9 le 30 novembre&nbsp;et est le&nbsp;saint patron de l\u2019\u00c9cosse, qui arbore m\u00eame&nbsp;<strong>la croix de saint Andr\u00e9<\/strong>sur son drapeau, de l\u2019<strong>\u00c9glise roumaine<\/strong>&nbsp;et de la&nbsp;<strong>Marine<\/strong>&nbsp;<strong>russe<\/strong>.&nbsp;<\/p>\n\n\n\n<h3 class=\"wp-block-heading\" id=\"la-rencontre-de-saint-andre-avec-jesus\">La rencontre de saint Andr\u00e9 avec J\u00e9sus<\/h3>\n\n\n\n<p><em>\u201cLe lendemain encore, Jean se trouvait l\u00e0 avec deux de ses disciples.<\/em><\/p>\n\n\n\n<p><em>Posant son regard sur J\u00e9sus qui allait et venait, il dit : \u00ab Voici l\u2019Agneau de Dieu. \u00bb<\/em><\/p>\n\n\n\n<p><em>Les deux disciples entendirent ce qu\u2019il disait, et ils suivirent J\u00e9sus.<\/em><\/p>\n\n\n\n<p><em>Se retournant, J\u00e9sus vit qu\u2019ils le suivaient, et leur dit : \u00ab Que cherchez-vous ? \u00bb Ils lui r\u00e9pondirent : \u00ab Rabbi \u2013 ce qui veut dire : Ma\u00eetre \u2013, o\u00f9 demeures-tu ? \u00bb<\/em><\/p>\n\n\n\n<p><em>Il leur dit : \u00ab Venez, et vous verrez. \u00bb Ils all\u00e8rent donc, ils virent o\u00f9 il demeurait, et ils rest\u00e8rent aupr\u00e8s de lui ce jour-l\u00e0. C\u2019\u00e9tait vers la dixi\u00e8me heure (environ quatre heures de l\u2019apr\u00e8s-midi).<\/em><\/p>\n\n\n\n<p><em>Andr\u00e9, le fr\u00e8re de Simon-Pierre, \u00e9tait l\u2019un des deux disciples qui avaient entendu la parole de Jean et qui avaient suivi J\u00e9sus.<\/em><\/p>\n\n\n\n<p><em>Il trouve d\u2019abord Simon, son propre fr\u00e8re, et lui dit : \u00ab Nous avons trouv\u00e9 le Messie \u00bb \u2013 ce qui veut dire : Christ.<\/em><\/p>\n\n\n\n<p><em>Andr\u00e9 amena son fr\u00e8re \u00e0 J\u00e9sus. J\u00e9sus posa son regard sur lui et dit : \u00ab Tu es Simon, fils de Jean ; tu t\u2019appelleras K\u00e8phas \u00bb &#8211; ce qui veut dire : Pierre.\u201d<\/em><\/p>\n\n\n\n<p>(Jean&nbsp;1, 35-42)<\/p>\n\n\n\n<p>Ainsi, c\u2019est gr\u00e2ce \u00e0 lui que&nbsp;saint Pierre a rencontr\u00e9 le Seigneur. Il avait \u00e9galement servi d\u2019interm\u00e9diaire lors de la&nbsp;multiplication&nbsp;des pains&nbsp;puisque c\u2019est lui qui avait men\u00e9 le jeune homme, charg\u00e9 des cinq pains et des deux poissons, jusqu&rsquo;au Christ. Il pr\u00e9senta \u00e9galement un groupe de grecs, qui s\u2019\u00e9tait adress\u00e9 \u00e0 lui, \u00e0 J\u00e9sus.<\/p>\n\n\n\n<h3 class=\"wp-block-heading\" id=\"evangelisation-et-martyre-de-saint-andre\">\u00c9vang\u00e9lisation et martyre de saint Andr\u00e9<\/h3>\n\n\n\n<p>Apr\u00e8s la\u00a0Pentec\u00f4te, saint Andr\u00e9 partit pour un long voyage afin d\u2019annoncer l\u2019\u00c9vangile\u00a0en M\u00e9sopotamie, en Bithynie, \u00e0 \u00c9ph\u00e8se, en Thrace maritime, en Scythie mineure, en Crim\u00e9e, \u00e0 Byzance, et enfin dans la r\u00e9gion au nord du P\u00e9loponn\u00e8se. L\u2019Ukraine consid\u00e8re saint Andr\u00e9 comme le\u00a0premier \u00e9vang\u00e9lisateur de Kiev. Il est \u00e9galement consid\u00e9r\u00e9 comme le premier\u00a0\u00e0 avoir \u00e9vang\u00e9lis\u00e9 l\u2019actuelle Roumanie.<\/p>\n\n\n\n<p>Malheureusement, son voyage s\u2019acheva \u00e0&nbsp;Patras, en Gr\u00e8ce, o\u00f9 il&nbsp;mourut en martyre&nbsp;sur une croix. La<em>&nbsp;L\u00e9gende dor\u00e9e<\/em>, \u00e9crite par Jacques de Voragine, raconte que c\u2019est le&nbsp;proconsul \u00c9g\u00e9e qui ordonna son supplice. En effet, saint Andr\u00e9 aurait converti et baptis\u00e9 l\u2019\u00e9pouse du pa\u00efen. Il lui laissa alors le choix :&nbsp;sacrifier aux dieux romains&nbsp;ou&nbsp;mourir sur une croix. Saint Andr\u00e9 choisit la croix, restant fid\u00e8le au Christ et ne craignant pas ce supplice :&nbsp;\u00ab&nbsp;<em>Si je craignais ce supplice, je ne pr\u00eacherais point la grandeur de la Croix.<\/em>&nbsp;\u00bb&nbsp;aurait-il dit. Il&nbsp;surv\u00e9c\u00fbt pendant deux jours, durant lesquels il enseignait les foules et pr\u00eachait la&nbsp;Bonne Nouvelle. Lorsqu\u2019il rendit l\u2019\u00e2me une grande et&nbsp;intense lumi\u00e8re se d\u00e9gagea de son corps.&nbsp;<\/p>\n\n\n\n<p>Saint Andr\u00e9 est consid\u00e9r\u00e9 comme le&nbsp;fondateur de l\u2019\u00c9glise orientale, son fr\u00e8re, saint Pierre comme le&nbsp;fondateur de l\u2019\u00c9glise occidentale. Ils sont tous les deux morts sur une croix.&nbsp;<\/p>\n\n\n\n<h3 class=\"wp-block-heading\" id=\"priere-a-saint-andre-pour-aider-les-soignants\">Pri\u00e8re \u00e0 saint Andr\u00e9 pour aider les soignants<\/h3>\n\n\n\n<p>\u201c<em>Saint fr\u00e8re Andr\u00e9, jour apr\u00e8s jour, tu as su accueillir avec amour et compassion les personnes qui venaient vers toi pour partager leurs souffrances.<br>Tu as connu la fatigue de ces longues heures consacr\u00e9es au service des autres.<\/em><\/p>\n\n\n\n<p><em>Qui, mieux que toi, pourrait comprendre la fatigue des femmes et des hommes qui se d\u00e9vouent jour apr\u00e8s jour, au service d\u2019un proche marqu\u00e9 par la maladie.<\/em><\/p>\n\n\n\n<p><em>Qui, mieux que toi, pourrait communier \u00e0 la souffrance des personnes malades et \u00e0 leur joie d\u2019avoir pr\u00e8s d\u2019elles quelqu\u2019un pr\u00eat \u00e0 les aider jour apr\u00e8s jour.<\/em><\/p>\n\n\n\n<p><em>Toi qui es le saint patron des proches aidants, aide-nous \u00e0 trouver chaque jour la force d\u2019aimer les personnes que nous aidons et la joie d\u2019accueillir leur amour.<\/em><\/p>\n\n\n\n<p><em>Avec toi, nous portons nos joies et nos souffrances au pied du Seigneur.<\/em><\/p>\n\n\n\n<p><em>Avec toi, nous nous confions \u00e0 saint Joseph et \u00e0 la Vierge Marie.<\/em><\/p>\n\n\n\n<p><em>Avec toi, nous nous tournons vers Dieu notre P\u00e8re, source de toute gr\u00e2ce et de tout bien.<\/em><\/p>\n\n\n\n<p><em>Amen<\/em>.\u201d<\/p>\n\n\n\n<h3 class=\"wp-block-heading\" id=\"priere-a-saint-andre-pour-une-guerison\">Pri\u00e8re \u00e0 saint Andr\u00e9 pour une gu\u00e9rison<\/h3>\n\n\n\n<p>\u201c<em>Saint Andr\u00e9 que rien ni personne n&rsquo;a arr\u00eat\u00e9 dans la pr\u00e9dication de la vraie foi,<\/em><\/p>\n\n\n\n<p><em>donne-moi la force pour \u00e9liminer de mon corps le mal qui me fait souffrir.<\/em><\/p>\n\n\n\n<p><em>Saint Andr\u00e9, toi qui t&rsquo;es d\u00e9pouill\u00e9 de tout pour suivre notre Seigneur jusqu&rsquo;au pied de la croix, d\u00e9livre moi de mon mal, pour que je puisse donner un peu de bien en suivant ton exemple.<\/em><\/p>\n\n\n\n<p><em>Pour que la gr\u00e2ce se diffuse tout au long de mon corps, tu peux commander au mal de dispara\u00eetre au nom du P\u00e8re, et du Fils, et du Saint Esprit.<\/em><\/p>\n\n\n\n<p><em>Amen.<\/em>\u201d<\/p>\n","protected":false},"excerpt":{"rendered":"<p>Andr\u00e9, fr\u00e8re de&nbsp;Simon-Pierre, est n\u00e9 \u00e0 Bethsa\u00efde, en Galil\u00e9e et est un des&nbsp;premiers disciples&nbsp;du Christ. Il \u00e9tait d\u00e9j\u00e0 le disciple &hellip; <\/p>\n","protected":false},"author":1,"featured_media":1041,"parent":0,"menu_order":0,"comment_status":"closed","ping_status":"closed","template":"","meta":{"footnotes":""},"class_list":["post-1037","page","type-page","status-publish","has-post-thumbnail","hentry"],"jetpack_sharing_enabled":true,"_links":{"self":[{"href":"https:\/\/louis.armentierois.fr\/index.php\/wp-json\/wp\/v2\/pages\/1037","targetHints":{"allow":["GET"]}}],"collection":[{"href":"https:\/\/louis.armentierois.fr\/index.php\/wp-json\/wp\/v2\/pages"}],"about":[{"href":"https:\/\/louis.armentierois.fr\/index.php\/wp-json\/wp\/v2\/types\/page"}],"author":[{"embeddable":true,"href":"https:\/\/louis.armentierois.fr\/index.php\/wp-json\/wp\/v2\/users\/1"}],"replies":[{"embeddable":true,"href":"https:\/\/louis.armentierois.fr\/index.php\/wp-json\/wp\/v2\/comments?post=1037"}],"version-history":[{"count":7,"href":"https:\/\/louis.armentierois.fr\/index.php\/wp-json\/wp\/v2\/pages\/1037\/revisions"}],"predecessor-version":[{"id":1497,"href":"https:\/\/louis.armentierois.fr\/index.php\/wp-json\/wp\/v2\/pages\/1037\/revisions\/1497"}],"wp:featuredmedia":[{"embeddable":true,"href":"https:\/\/louis.armentierois.fr\/index.php\/wp-json\/wp\/v2\/media\/1041"}],"wp:attachment":[{"href":"https:\/\/louis.armentierois.fr\/index.php\/wp-json\/wp\/v2\/media?parent=1037"}],"curies":[{"name":"wp","href":"https:\/\/api.w.org\/{rel}","templated":true}]}}