{"id":1035,"date":"2023-08-11T17:52:23","date_gmt":"2023-08-11T15:52:23","guid":{"rendered":"https:\/\/louis.armentierois.fr\/?page_id=1035"},"modified":"2023-08-11T21:06:50","modified_gmt":"2023-08-11T19:06:50","slug":"paul","status":"publish","type":"page","link":"https:\/\/louis.armentierois.fr\/index.php\/paul\/","title":{"rendered":"Paul"},"content":{"rendered":"\n<figure class=\"wp-block-image size-large\"><img loading=\"lazy\" decoding=\"async\" width=\"640\" height=\"853\" src=\"https:\/\/i0.wp.com\/louis.armentierois.fr\/wp-content\/uploads\/2023\/08\/img_2236.jpg?resize=640%2C853&#038;ssl=1\" alt=\"\" class=\"wp-image-1045\" srcset=\"https:\/\/i0.wp.com\/louis.armentierois.fr\/wp-content\/uploads\/2023\/08\/img_2236-scaled.jpg?resize=768%2C1024&amp;ssl=1 768w, https:\/\/i0.wp.com\/louis.armentierois.fr\/wp-content\/uploads\/2023\/08\/img_2236-scaled.jpg?resize=225%2C300&amp;ssl=1 225w, https:\/\/i0.wp.com\/louis.armentierois.fr\/wp-content\/uploads\/2023\/08\/img_2236-scaled.jpg?resize=1152%2C1536&amp;ssl=1 1152w, https:\/\/i0.wp.com\/louis.armentierois.fr\/wp-content\/uploads\/2023\/08\/img_2236-scaled.jpg?resize=1536%2C2048&amp;ssl=1 1536w, https:\/\/i0.wp.com\/louis.armentierois.fr\/wp-content\/uploads\/2023\/08\/img_2236-scaled.jpg?w=1920&amp;ssl=1 1920w, https:\/\/i0.wp.com\/louis.armentierois.fr\/wp-content\/uploads\/2023\/08\/img_2236-scaled.jpg?w=1280&amp;ssl=1 1280w\" sizes=\"auto, (max-width: 640px) 100vw, 640px\" data-recalc-dims=\"1\" \/><figcaption class=\"wp-element-caption\">L\u2019ap\u00f4tre Paul repr\u00e9sent\u00e9 avec le glaive du soldat et la parole de Dieu plus tranchante qu\u2019un glaive<\/figcaption><\/figure>\n\n\n\n<p><em>Citoyen romain, le bouillant Paul de Tarse n\u2019en est pas moins un Juif pharisien au z\u00e8le sans concessions. Missionn\u00e9 par la Synagogue pour d\u00e9truire les disciples de J\u00e9sus, il est jet\u00e9 \u00e0 bas, sur la route de Damas, par le Christ lui-m\u00eame. C\u2019est l\u2019\u00e9blouissement : J\u00e9sus est Dieu ; son amour est gratuit ! Le Juif juda\u00efsant devient l\u2019Ap\u00f4tre de l\u2019ouverture aux pa\u00efens ; le justicier au nom de la Lettre de la Loi fait abolir la circoncision pour les non juifs et dispense les gentils du carcan l\u00e9gal. En trois ans Paul a r\u00e9v\u00e9l\u00e9 le Christ \u00e0 toute l\u2019Asie Mineure. Il a lib\u00e9r\u00e9 l\u2019annonce de la Bonne Nouvelle au monde.<\/em><\/p>\n\n\n\n<p class=\"has-medium-font-size\"><strong>La vie de saint Paul Ap\u00f4tre<\/strong><\/p>\n\n\n\n<p><strong>Paul de Tarse<\/strong>&nbsp;est n\u00e9 au d\u00e9but du 1er si\u00e8cle. Malgr\u00e9 son nom \u201c<strong>Paul ap\u00f4tre<\/strong>\u201d, il ne fait pas partie des douze disciples du Christ, bien qu\u2019il fut son contemporain. De plus, son entr\u00e9e dans l\u2019histoire du christianisme n\u2019est pas imm\u00e9diate, mais elle reste n\u00e9anmoins une des plus marquantes : apr\u00e8s tout, Paul est consid\u00e9r\u00e9 comme un des piliers de l\u2019Eglise, aux c\u00f4t\u00e9s de Pierre. &nbsp;<\/p>\n\n\n\n<h3 class=\"wp-block-heading\" id=\"de-saul-a-paul-la-conversion-sur-le-chemin-de-damas\">De Saul \u00e0 Paul : La conversion sur le chemin de Damas<\/h3>\n\n\n\n<p>Paul, alors appel\u00e9 Saul, \u00e9tait descendant d\u2019une noble famille dans la r\u00e9gion de Tarse, une r\u00e9gion de Cilicie (actuelle Turquie). Sa famille observait les lois h\u00e9bra\u00efques, et Paul a lui-m\u00eame \u00e9t\u00e9 instruit dans la ville de J\u00e9rusalem. En tant que fervent pratiquant du juda\u00efsme, il ne pouvait pas concevoir l\u2019existence du christianisme, consid\u00e9r\u00e9 comme une nouvelle \u201csuperstition\u201d, et joignit activement les r\u00e9pressions contre les pratiquants de cette religion. Il est d\u2019ailleurs dit que Saul fut t\u00e9moin de la lapidation de saint Etienne.&nbsp;<\/p>\n\n\n\n<p><em>\u201cJe menais une pers\u00e9cution effr\u00e9n\u00e9e contre l\u2019\u00c9glise de Dieu, et je cherchais \u00e0 la d\u00e9truire.\u201d&nbsp;<\/em>(Galates 1, 13)<\/p>\n\n\n\n<p>Selon le livre des Actes des Ap\u00f4tres de saint Luc,&nbsp;<strong>Paul se rendit un jour \u00e0 Damas<\/strong>&nbsp;avec l\u2019objectif d\u2019y trouver des disciples du Christ, et de les ramener encha\u00een\u00e9s \u00e0 J\u00e9rusalem.&nbsp;<\/p>\n\n\n\n<p><em>\u201cComme il \u00e9tait en route et approchait de Damas, soudain une lumi\u00e8re venant du ciel l\u2019enveloppa de sa clart\u00e9. Il fut pr\u00e9cipit\u00e9 \u00e0 terre ; il entendit une voix qui lui disait : \u00ab Saul, Saul, pourquoi me pers\u00e9cuter ? \u00bb Il demanda : \u00ab Qui es-tu, Seigneur ? \u00bb La voix r\u00e9pondit : \u00ab Je suis J\u00e9sus, celui que tu pers\u00e9cutes. Rel\u00e8ve-toi et entre dans la ville : on te dira ce que tu dois faire. \u00a0\u00bb&nbsp;<\/em>(Actes ch. 9 : 3-6)\u201d<\/p>\n\n\n\n<p>A la suite de cette apparition, Paul se retrouva aveugl\u00e9 pendant trois jours. Arriv\u00e9 dans la ville, il fut visit\u00e9 par Ananie de Damas, \u00e0 qui J\u00e9sus avait dit de Paul :&nbsp;<em>\u00ab cet homme est l\u2019instrument que j\u2019ai choisi pour faire parvenir mon nom aupr\u00e8s des nations, des rois et des fils d\u2019Isra\u00ebl. Et moi, je lui montrerai tout ce qu\u2019il lui faudra souffrir pour mon nom. \u00bb<\/em>.&nbsp;Anani imposa les mains \u00e0 Saul, lui d\u00e9clarant :<em>&nbsp;\u00ab Saul, mon fr\u00e8re, celui qui m\u2019a envoy\u00e9, c\u2019est le Seigneur, c\u2019est J\u00e9sus qui t\u2019est apparu sur le chemin par lequel tu venais. Ainsi, tu vas retrouver la vue, et tu seras rempli d\u2019Esprit Saint. \u00bb.<\/em><\/p>\n\n\n\n<p><strong>Saul est baptis\u00e9 Paul<\/strong>. Il rena\u00eet fils de Dieu et fr\u00e8re du Christ.&nbsp;<\/p>\n\n\n\n<h3 class=\"wp-block-heading\" id=\"les-voyages-de-saint-paul-apotre-des-paiens\">Les voyages de Saint Paul, ap\u00f4tre des pa\u00efens<\/h3>\n\n\n\n<p>Paul ap\u00f4tre prend donc en main la mission qui lui a \u00e9t\u00e9 confi\u00e9e par J\u00e9sus Christ : l\u2019\u00e9vang\u00e9lisation. Saint Paul devient \u201c<strong>l\u2019ap\u00f4tre des gentils<\/strong>\u201d. Gentils, en ce sens, est une traduction du terme h\u00e9breu \u201cGoyim\u201d, qui signifie \u201cnation\u201d. Ce que l\u2019on entend par \u201cgentils\u201d, c\u2019est en r\u00e9alit\u00e9 les non-juifs: Paul \u00e9tait l&rsquo;ap\u00f4tre des pa\u00efens. Les communaut\u00e9s de \u201cgentils\u201d adh\u00e9raient en partie au juda\u00efsme, sans en observer toutes les coutumes traditionnelles.&nbsp;<\/p>\n\n\n\n<p>Inspir\u00e9 par l\u2019Esprit Saint, Paul r\u00e9alise&nbsp;<strong>trois grands voyages d\u2019\u00e9vang\u00e9lisation<\/strong>. Il r\u00e9alise le premier accompagn\u00e9 de Barnabas : les deux ap\u00f4tres partent annoncer l\u2019\u00e9vangile \u00e0 Chypre et en Asie mineure. Ils pr\u00eachent aussi la parole du Christ aupr\u00e8s des \u201cCraignant-Dieu\u201d, un groupe de gentils s\u2019\u00e9tant rassembl\u00e9s dans la Synagogue d\u2019Antioche de Pisidie. Leur succ\u00e8s aupr\u00e8s de ces communaut\u00e9s provoque le courroux des autorit\u00e9s : ils sont alors chass\u00e9s de la ville.&nbsp;<\/p>\n\n\n\n<p>Au cours du second voyage, Paul traverse la Mac\u00e9doine, o\u00f9 il visite diff\u00e9rentes villes et rencontre le plus souvent du succ\u00e8s aupr\u00e8s de pa\u00efens. Il arrive \u00e0 Corinthe, o\u00f9 il restera une ann\u00e9e, avant de repartir pour Antioche.<\/p>\n\n\n\n<p>Quelques \u00c9glises se forment progressivement dans son sillage. Mais des conflits et oppositions naissent au sein m\u00eame des communaut\u00e9s de convertis : Paul se confronte \u00e0 des difficult\u00e9s venant de l\u2019ext\u00e9rieur et de l&rsquo;int\u00e9rieur. Reparti pour l\u2019Asie mineure, il enseigne \u00e0 Eph\u00e8se pendant deux ann\u00e9es. Il revisite les communaut\u00e9s et \u00c9glises des villes dans lesquelles il avait \u00e9vang\u00e9lis\u00e9, soit Corinthe, Philippes, C\u00e9sar\u00e9e\u2026 Avant de repartir pour J\u00e9rusalem, bien qu\u2019il fut averti du risque que cela impliquait : en effet, ses actions avaient provoqu\u00e9 l\u2019ire des hautes autorit\u00e9s juives, qui consid\u00e9raient que Paul avait profan\u00e9 le Temple. Il est arr\u00eat\u00e9, et pour ne pas se faire juger (et tr\u00e8s certainement ex\u00e9cut\u00e9) dans les villes de Jud\u00e9e, o\u00f9 il est prisonnier pendant deux ans , il fait valoir son statut de citoyen romain. Il est alors transf\u00e9r\u00e9 \u00e0 Rome. Peu de choses sont certaines quant \u00e0 la fin de vie de l\u2019ap\u00f4tre saint Paul. Nous savons qu\u2019il a pass\u00e9 les derni\u00e8res ann\u00e9es de sa vie en captivit\u00e9. Du reste, l\u2019histoire raconte qu\u2019apr\u00e8s de longues ann\u00e9es de voyages d\u2019\u00e9vang\u00e9lisation, il aurait \u00e9t\u00e9 finalement ex\u00e9cut\u00e9 \u00e0 Rome.<\/p>\n\n\n\n<p><strong>Pri\u00e8re confi\u00e9e \u00e0 l&rsquo;intercession de Saint Paul<\/strong><\/p>\n\n\n\n<p><em>Saint Paul, ap\u00f4tre du Christ,<br>toi qui t&rsquo;es laiss\u00e9 approcher, transformer, convertir,<br>toi qui as os\u00e9 annonc\u00e9 l&rsquo;Evangile,<br>toi qui as \u00e9t\u00e9 jusqu&rsquo;au bout de ton amour pour le Christ,<br>prie pour nous.<br>Que notre foi soit profonde,<br>que notre esp\u00e9rance soit toujours pr\u00e9sente,<br>que notre amour pour le Christ grandisse,<br>pour que nous puissions dire comme toi :<br>\u00a0\u00bbce n&rsquo;est plus moi qui vis, mais le Christ qui vit en moi\u00a0\u00bb.<\/em><\/p>\n\n\n\n<p><em>Aide-nous<br>\u00e0 devenir des ap\u00f4tres,<br>\u00e0 nous mettre au service de l&rsquo;Eglise et de nos fr\u00e8res,<br>\u00e0 \u00eatre t\u00e9moins de ta lumi\u00e8re partout dans le monde.<br>Apprends-nous \u00e0 dire avec toi :<br>\u00a0\u00bbGloire et louange \u00e0 Dieu Notre P\u00e8re<br>dans l&rsquo;Eglise et dans le Christ<br>pour tous les si\u00e8cles des si\u00e8cles<\/em><\/p>\n","protected":false},"excerpt":{"rendered":"<p>Citoyen romain, le bouillant Paul de Tarse n\u2019en est pas moins un Juif pharisien au z\u00e8le sans concessions. Missionn\u00e9 par &hellip; <\/p>\n","protected":false},"author":1,"featured_media":1045,"parent":0,"menu_order":0,"comment_status":"closed","ping_status":"closed","template":"","meta":{"footnotes":""},"class_list":["post-1035","page","type-page","status-publish","has-post-thumbnail","hentry"],"jetpack_sharing_enabled":true,"_links":{"self":[{"href":"https:\/\/louis.armentierois.fr\/index.php\/wp-json\/wp\/v2\/pages\/1035","targetHints":{"allow":["GET"]}}],"collection":[{"href":"https:\/\/louis.armentierois.fr\/index.php\/wp-json\/wp\/v2\/pages"}],"about":[{"href":"https:\/\/louis.armentierois.fr\/index.php\/wp-json\/wp\/v2\/types\/page"}],"author":[{"embeddable":true,"href":"https:\/\/louis.armentierois.fr\/index.php\/wp-json\/wp\/v2\/users\/1"}],"replies":[{"embeddable":true,"href":"https:\/\/louis.armentierois.fr\/index.php\/wp-json\/wp\/v2\/comments?post=1035"}],"version-history":[{"count":4,"href":"https:\/\/louis.armentierois.fr\/index.php\/wp-json\/wp\/v2\/pages\/1035\/revisions"}],"predecessor-version":[{"id":1050,"href":"https:\/\/louis.armentierois.fr\/index.php\/wp-json\/wp\/v2\/pages\/1035\/revisions\/1050"}],"wp:featuredmedia":[{"embeddable":true,"href":"https:\/\/louis.armentierois.fr\/index.php\/wp-json\/wp\/v2\/media\/1045"}],"wp:attachment":[{"href":"https:\/\/louis.armentierois.fr\/index.php\/wp-json\/wp\/v2\/media?parent=1035"}],"curies":[{"name":"wp","href":"https:\/\/api.w.org\/{rel}","templated":true}]}}