{"id":1028,"date":"2023-08-11T17:49:43","date_gmt":"2023-08-11T15:49:43","guid":{"rendered":"https:\/\/louis.armentierois.fr\/?page_id=1028"},"modified":"2023-08-11T17:51:24","modified_gmt":"2023-08-11T15:51:24","slug":"saint-christophe","status":"publish","type":"page","link":"https:\/\/louis.armentierois.fr\/index.php\/saint-christophe\/","title":{"rendered":"Saint Christophe"},"content":{"rendered":"\n<figure class=\"wp-block-image size-large\"><img loading=\"lazy\" decoding=\"async\" width=\"640\" height=\"853\" src=\"https:\/\/i0.wp.com\/louis.armentierois.fr\/wp-content\/uploads\/2023\/08\/img_2241.jpg?resize=640%2C853&#038;ssl=1\" alt=\"\" class=\"wp-image-1030\" srcset=\"https:\/\/i0.wp.com\/louis.armentierois.fr\/wp-content\/uploads\/2023\/08\/img_2241-scaled.jpg?resize=768%2C1024&amp;ssl=1 768w, https:\/\/i0.wp.com\/louis.armentierois.fr\/wp-content\/uploads\/2023\/08\/img_2241-scaled.jpg?resize=225%2C300&amp;ssl=1 225w, https:\/\/i0.wp.com\/louis.armentierois.fr\/wp-content\/uploads\/2023\/08\/img_2241-scaled.jpg?resize=1152%2C1536&amp;ssl=1 1152w, https:\/\/i0.wp.com\/louis.armentierois.fr\/wp-content\/uploads\/2023\/08\/img_2241-scaled.jpg?resize=1536%2C2048&amp;ssl=1 1536w, https:\/\/i0.wp.com\/louis.armentierois.fr\/wp-content\/uploads\/2023\/08\/img_2241-scaled.jpg?w=1920&amp;ssl=1 1920w, https:\/\/i0.wp.com\/louis.armentierois.fr\/wp-content\/uploads\/2023\/08\/img_2241-scaled.jpg?w=1280&amp;ssl=1 1280w\" sizes=\"auto, (max-width: 640px) 100vw, 640px\" data-recalc-dims=\"1\" \/><figcaption class=\"wp-element-caption\">Saint Christophe<\/figcaption><\/figure>\n\n\n\n<p><strong>Christophe de Lycie est un martyr du IIIe si\u00e8cle<\/strong>. Nouveau converti, il est captur\u00e9 par les Romains et meurt h\u00e9ro\u00efquement en prenant la d\u00e9fense des chr\u00e9tiens de Rome pers\u00e9cut\u00e9s par l&#8217;empereur D\u00e9cius en 250. Le culte \u00e0 saint Christophe se r\u00e9pand \u00e0 partir du Ve si\u00e8cle, moment o\u00f9 une basilique est construite en son honneur en Bithynie. A partir de ces quelques \u00e9l\u00e9ments biographiques connus,&nbsp;<strong>diverses l\u00e9gendes racontent l\u2019histoire de saint Christophe<\/strong>. Certaines repr\u00e9sentations montrent saint Christophe ayant une t\u00eate de chien, en voici l\u2019origine : saint Andr\u00e9 rapporte qu&rsquo;au V\u00e8me si\u00e8cle, il r\u00e9ussit \u00e0 convertir un g\u00e9ant \u00e0 t\u00eate de chien, cannibale, nomm\u00e9 \u00ab Abominable \u00bb, et en fit son garde du corps. Avant sa conversion, saint Christophe est repr\u00e9sent\u00e9 ayant les caract\u00e9ristiques d\u2019un ogre. Une fois d\u00e9vou\u00e9 au Christ, il met sa force au service des plus faibles.&nbsp;<\/p>\n\n\n\n<p>Plus g\u00e9n\u00e9ralement, saint Christophe est repr\u00e9sent\u00e9 en g\u00e9ant barbu portant l\u2019enfant J\u00e9sus sur son \u00e9paule, tenant dans sa main son b\u00e2ton de p\u00e8lerin. Cette repr\u00e9sentation provient de la&nbsp;<em>L\u00e9gende dor\u00e9e<\/em>&nbsp;de Jacques de Voragine<strong>.&nbsp;<\/strong>Un g\u00e9ant nomm\u00e9 \u00ab R\u00e9prouv\u00e9 \u00bb vivait sur les terres de Canaan. Il s\u2019\u00e9tait lib\u00e9r\u00e9 du pouvoir du diable et mis au service de Dieu. Son service consistait \u00e0 faire traverser un torrent imp\u00e9tueux aux passants. Un jour, un petit gar\u00e7on se pr\u00e9senta pour passer la rive. Christophe le prit sur son \u00e9paule mais eut grand peine \u00e0 parvenir de l\u2019autre c\u00f4t\u00e9 du fleuve tant l\u2019enfant devenait lourd et le torrent violent. Finalement, ayant d\u00e9pos\u00e9 le petit, l\u2019enfant J\u00e9sus se r\u00e9v\u00e9la au g\u00e9ant et expliqua : \u00ab&nbsp;<em>Je suis le Christ, en me portant, c\u2019est le monde entier que tu portais et moi qui ai cr\u00e9\u00e9 le monde&nbsp;<\/em>\u00bb. D\u00e8s lors, le saint s\u2019est appel\u00e9&nbsp;<strong>Christophe, qui signifie en grec \u00ab&nbsp;<em>celui qui<\/em>&nbsp;<em>porte le Christ<\/em>&nbsp;\u00bb<\/strong>.<\/p>\n\n\n\n<p><strong>La f\u00eate de saint Christophe est c\u00e9l\u00e9br\u00e9e le 21 ao\u00fbt<\/strong>.<\/p>\n\n\n\n<h2 class=\"wp-block-heading\" id=\"saint-christophe-patron-des-voyageurs\">Saint Christophe, patron des voyageurs&nbsp;<\/h2>\n\n\n\n<h3 class=\"wp-block-heading\" id=\"le-saint-patron-des-voyageurs\">Le saint patron des voyageurs<\/h3>\n\n\n\n<p>Christophe est le&nbsp;<em>porteur du Christ<\/em>, il s\u2019oublie lui-m\u00eame pour se pr\u00e9occuper uniquement de faire parvenir \u00e0 bon port celui dont il a la charge. Il fait traverser le fleuve en furie au petit J\u00e9sus sans encombre et de m\u00eame, il prend sur son \u00e9paule son prot\u00e9g\u00e9 et aucun mal ne peut l\u2019atteindre durant le&nbsp;<strong>voyage<\/strong>. C\u2019est ce qui vaut \u00e0&nbsp;<strong>saint Christophe d\u2019\u00eatre le saint patron des voyageurs&nbsp;<\/strong>et, par extension, des&nbsp;<strong>soldats&nbsp;<\/strong>qui partent au combat.&nbsp;<strong>Les gitans et gens du voyage se placent aussi sous la protection de saint Christophe<\/strong>.&nbsp;<\/p>\n\n\n\n<h3 class=\"wp-block-heading\" id=\"saint-christophe-patron-des-automobilistes\">Saint Christophe patron des automobilistes<\/h3>\n\n\n\n<p>Saint Christophe est&nbsp;<a href=\"https:\/\/hozana.org\/saints\/saint-christophe\/patron-des-voyageurs\">le patron de tous ceux qui utilisent un moyen de transport<\/a>, sp\u00e9cialement les&nbsp;<strong>automobilistes<\/strong>. Incarnant l\u2019image du passeur entre deux rives,&nbsp;<strong>Christophe veille sur les d\u00e9placements en voiture<\/strong>.&nbsp;<strong>Les conducteurs de train<\/strong>&nbsp;sont \u00e9galement sous la protection du saint.<\/p>\n\n\n\n<h2 class=\"wp-block-heading\" id=\"fete-de-saint-christophe\">F\u00eate de saint Christophe&nbsp;<\/h2>\n\n\n\n<p>Dans le nord de la France et en Belgique,&nbsp;<strong>une d\u00e9votion populaire consiste \u00e0 faire un p\u00e8lerinage le jour de la saint Christophe<\/strong>. Une&nbsp;<strong>b\u00e9n\u00e9diction sp\u00e9ciale des v\u00e9hicules et de leurs usagers<\/strong>&nbsp;est faite par de nombreuses paroisses.&nbsp;<strong>A la saint Christophe<\/strong>, la ville de Flobecq en Belgique a pour tradition de faire d\u00e9filer un saint Christophe mont\u00e9 sur des \u00e9chasses.&nbsp;<\/p>\n\n\n\n<h2 class=\"wp-block-heading\" id=\"la-medaille-de-saint-christophe\">La m\u00e9daille de saint Christophe<\/h2>\n\n\n\n<p>Il est de coutume d\u2019offrir une&nbsp;<strong>m\u00e9daille de saint Christophe<\/strong>&nbsp;\u00e0 une personne entreprenant un long et difficile voyage. Les soldats avaient pour habitude de porter une m\u00e9daille de saint Christophe pour partir en garnison ou en mission.&nbsp;<strong>Beaucoup d\u2019automobilistes placent une m\u00e9daille de saint Christophe dans leur voiture pour obtenir sa protection<\/strong>. La m\u00e9daille est frapp\u00e9e de la repr\u00e9sentation classique de saint Christophe : tr\u00e8s grand, le b\u00e2ton \u00e0 la main, l\u2019Enfant J\u00e9sus sur l\u2019\u00e9paule, traversant un fleuve tumultueux.<\/p>\n\n\n\n<p class=\"has-medium-font-size\"><strong>Pri\u00e8re \u00e0 l&rsquo;intercession de St-Christophe<\/strong><\/p>\n\n\n\n<p><em>Seigneur,<br \/>Par l&rsquo;intercession de saint Christophe, votre martyr, qui eut l&rsquo;honneur de vous porter, je me tourne vers vous \u00e0 l&rsquo;heure de voyager.&nbsp;<\/em><\/p>\n\n\n\n<p><em>Accordez-moi une main ferme et un \u0153il vigilant, pour que je ne blesse personne lorsque je passe.&nbsp;<\/em><\/p>\n\n\n\n<p><em>Seigneur, vous nous avez donn\u00e9 la vie, je vous prie qu&rsquo;aucun acte de ma part ne vienne \u00f4ter ou g\u00e2ter ce don qui vient de vous.<\/em><\/p>\n\n\n\n<p><em>Seigneur, prot\u00e9gez ceux qui m&rsquo;accompagnent de tous les maux, du feu et des calamit\u00e9s.<\/em><\/p>\n\n\n\n<p><em>Seigneur, apprenez- moi \u00e0 me servir de ma voiture pour mes besoins, sans n\u00e9gliger ceux des autres, et \u00e0 ne pas m\u00e9priser, dans l&rsquo;amour de la vitesse, la beaut\u00e9 du monde que vous avez cr\u00e9\u00e9, afin que je puisse, avec joie et courtoisie, suivre mon chemin.<\/em> <em>Amen<\/em><\/p>\n","protected":false},"excerpt":{"rendered":"<p>Christophe de Lycie est un martyr du IIIe si\u00e8cle. Nouveau converti, il est captur\u00e9 par les Romains et meurt h\u00e9ro\u00efquement &hellip; <\/p>\n","protected":false},"author":1,"featured_media":1030,"parent":0,"menu_order":0,"comment_status":"closed","ping_status":"closed","template":"","meta":{"footnotes":""},"class_list":["post-1028","page","type-page","status-publish","has-post-thumbnail","hentry"],"jetpack_sharing_enabled":true,"_links":{"self":[{"href":"https:\/\/louis.armentierois.fr\/index.php\/wp-json\/wp\/v2\/pages\/1028","targetHints":{"allow":["GET"]}}],"collection":[{"href":"https:\/\/louis.armentierois.fr\/index.php\/wp-json\/wp\/v2\/pages"}],"about":[{"href":"https:\/\/louis.armentierois.fr\/index.php\/wp-json\/wp\/v2\/types\/page"}],"author":[{"embeddable":true,"href":"https:\/\/louis.armentierois.fr\/index.php\/wp-json\/wp\/v2\/users\/1"}],"replies":[{"embeddable":true,"href":"https:\/\/louis.armentierois.fr\/index.php\/wp-json\/wp\/v2\/comments?post=1028"}],"version-history":[{"count":3,"href":"https:\/\/louis.armentierois.fr\/index.php\/wp-json\/wp\/v2\/pages\/1028\/revisions"}],"predecessor-version":[{"id":1032,"href":"https:\/\/louis.armentierois.fr\/index.php\/wp-json\/wp\/v2\/pages\/1028\/revisions\/1032"}],"wp:featuredmedia":[{"embeddable":true,"href":"https:\/\/louis.armentierois.fr\/index.php\/wp-json\/wp\/v2\/media\/1030"}],"wp:attachment":[{"href":"https:\/\/louis.armentierois.fr\/index.php\/wp-json\/wp\/v2\/media?parent=1028"}],"curies":[{"name":"wp","href":"https:\/\/api.w.org\/{rel}","templated":true}]}}